{"id":9994,"date":"2020-12-10T14:19:36","date_gmt":"2020-12-10T17:19:36","guid":{"rendered":"http:\/\/personalbiker.com.br\/lojapb\/?post_type=product&#038;p=9994"},"modified":"2022-06-06T12:24:46","modified_gmt":"2022-06-06T15:24:46","slug":"capacete-mormaii-fs813-stripe-white-red","status":"publish","type":"product","link":"https:\/\/personalbiker.com.br\/lojapb\/produto\/capacete-mormaii-fs813-stripe-white-red\/","title":{"rendered":"Capacete Mormaii FS813 STRIPE WHITE RED Tam. 58"},"content":{"rendered":"<p>Fabricado com casco em resina termopl\u00e1stica ABS de excelente qualidade e resist\u00eancia;<\/p>\n<p>Forro em tecido antimicrobiano e antial\u00e9rgico com sistema de fixa\u00e7\u00e3o, totalmente remov\u00edvel, permitindo a lavagem e maior durabilidade;<\/p>\n<p>Viseira flat transparente de 2mm em policarbonato com prote\u00e7\u00e3o antirrisco;<\/p>\n<p>Cinta jugular com sistema de engate microm\u00e9trico;<\/p>\n<p>Sistema de troca r\u00e1pida da viseira, sem o aux\u00edlio de ferramentas;<\/p>\n<p>Entradas de ar frontal e superior ajust\u00e1veis;<\/p>\n<p>Sistema de exaust\u00e3o de ar;<\/p>\n<p>Bavete e n<\/p>\n<p>Para saber o tamanho adequado, medir circunfer\u00eancia da<br \/>\ncabe\u00e7a na altura da testa.<\/p>\n<p>imagens meramente ilustrativas<\/p>\n<p>Narigueira remov\u00edveis.<\/p>\n<p>IMAGEM MERAMENTE ILUSTRATIVA<\/p>\n","protected":false},"excerpt":{"rendered":"<div>\n<p><span class=\"smallText\">Os capacetes Mormaii s\u00e3o fabricado com casco em resina termopl\u00e1stica ABS de excelente qualidade e resist\u00eancia.<\/span><\/p>\n<p><strong>Caracter\u00edsticas:<\/strong><\/p>\n<\/div>\n<ul>\n<li><span class=\"smallText\">Capacete fabricado em resina termopl\u00e1stica de alta resist\u00eancia<\/span><\/li>\n<li><span class=\"smallText\">Forro em tecido antimicrobiano e antial\u00e9rgico, totalmente remov\u00edvel, permitindo a lavagem e maior durabilidade;<\/span><\/li>\n<li><span class=\"smallText\">Viseira do capacete flat transparente de 2mm em policarbonato com prote\u00e7\u00e3o antirrisco;<\/span><\/li>\n<li><span class=\"smallText\">Cinta jugular com sistema de engate microm\u00e9trico;<\/span><\/li>\n<li><span class=\"smallText\">Sistema de troca r\u00e1pida da viseira, sem o aux\u00edlio de ferramentas;<\/span><\/li>\n<li><span class=\"smallText\">Capacete com entradas de ar frontal e superior ajust\u00e1veis;<\/span><\/li>\n<li><span class=\"smallText\">Sistema de exaust\u00e3o de ar;<\/span><\/li>\n<li><span class=\"smallText\">Bavete e narigueira remov\u00cdvel<\/span><\/li>\n<\/ul>\n<p>IMAGEM MERAMENTE ILUSTRATIVA<\/p>\n<ul>\n<li>IMA<\/li>\n<\/ul>\n","protected":false},"featured_media":9995,"template":"","meta":[],"product_brand":[],"product_cat":[57],"product_tag":[],"class_list":{"0":"post-9994","1":"product","2":"type-product","3":"status-publish","4":"has-post-thumbnail","6":"product_cat-mormaii","7":"pa_cor-white-red","8":"pa_tamanho-74","10":"first","11":"instock","12":"shipping-taxable","13":"purchasable","14":"product-type-simple"},"_links":{"self":[{"href":"https:\/\/personalbiker.com.br\/lojapb\/wp-json\/wp\/v2\/product\/9994","targetHints":{"allow":["GET"]}}],"collection":[{"href":"https:\/\/personalbiker.com.br\/lojapb\/wp-json\/wp\/v2\/product"}],"about":[{"href":"https:\/\/personalbiker.com.br\/lojapb\/wp-json\/wp\/v2\/types\/product"}],"wp:featuredmedia":[{"embeddable":true,"href":"https:\/\/personalbiker.com.br\/lojapb\/wp-json\/wp\/v2\/media\/9995"}],"wp:attachment":[{"href":"https:\/\/personalbiker.com.br\/lojapb\/wp-json\/wp\/v2\/media?parent=9994"}],"wp:term":[{"taxonomy":"product_brand","embeddable":true,"href":"https:\/\/personalbiker.com.br\/lojapb\/wp-json\/wp\/v2\/product_brand?post=9994"},{"taxonomy":"product_cat","embeddable":true,"href":"https:\/\/personalbiker.com.br\/lojapb\/wp-json\/wp\/v2\/product_cat?post=9994"},{"taxonomy":"product_tag","embeddable":true,"href":"https:\/\/personalbiker.com.br\/lojapb\/wp-json\/wp\/v2\/product_tag?post=9994"}],"curies":[{"name":"wp","href":"https:\/\/api.w.org\/{rel}","templated":true}]}}