{"id":9990,"date":"2020-12-10T14:02:55","date_gmt":"2020-12-10T17:02:55","guid":{"rendered":"http:\/\/personalbiker.com.br\/lojapb\/?post_type=product&#038;p=9990"},"modified":"2020-12-10T14:02:55","modified_gmt":"2020-12-10T17:02:55","slug":"capacete-mormaii-fs813-dirt-orange-neon","status":"publish","type":"product","link":"https:\/\/personalbiker.com.br\/lojapb\/produto\/capacete-mormaii-fs813-dirt-orange-neon\/","title":{"rendered":"Capacete Mormaii fs813 DIRT Orange Neon"},"content":{"rendered":"","protected":false},"excerpt":{"rendered":"<p>Fabricado com casco em resina termopl\u00e1stica ABS de excelente qualidade e resist\u00eancia;<\/p>\n<p>Forro em tecido antimicrobiano e antial\u00e9rgico com sistema de fixa\u00e7\u00e3o, totalmente remov\u00edvel, permitindo a lavagem e maior durabilidade;<\/p>\n<p>Viseira flat transparente de 2mm em policarbonato com prote\u00e7\u00e3o antirrisco;<\/p>\n<p>Cinta jugular com sistema de engate microm\u00e9trico;<\/p>\n<p>Sistema de troca r\u00e1pida da viseira, sem o aux\u00edlio de ferramentas;<\/p>\n<p>Entradas de ar frontal e superior ajust\u00e1veis;<\/p>\n<p>Sistema de exaust\u00e3o de ar;<\/p>\n<p>Bavete e narigueira remov\u00edveis.<\/p>\n","protected":false},"featured_media":9991,"template":"","meta":[],"product_brand":[],"product_cat":[57],"product_tag":[],"class_list":{"0":"post-9990","1":"product","2":"type-product","3":"status-publish","4":"has-post-thumbnail","6":"product_cat-mormaii","7":"pa_cor-laranja-neon","8":"pa_tamanho-74","10":"first","11":"instock","12":"shipping-taxable","13":"purchasable","14":"product-type-simple"},"_links":{"self":[{"href":"https:\/\/personalbiker.com.br\/lojapb\/wp-json\/wp\/v2\/product\/9990","targetHints":{"allow":["GET"]}}],"collection":[{"href":"https:\/\/personalbiker.com.br\/lojapb\/wp-json\/wp\/v2\/product"}],"about":[{"href":"https:\/\/personalbiker.com.br\/lojapb\/wp-json\/wp\/v2\/types\/product"}],"wp:featuredmedia":[{"embeddable":true,"href":"https:\/\/personalbiker.com.br\/lojapb\/wp-json\/wp\/v2\/media\/9991"}],"wp:attachment":[{"href":"https:\/\/personalbiker.com.br\/lojapb\/wp-json\/wp\/v2\/media?parent=9990"}],"wp:term":[{"taxonomy":"product_brand","embeddable":true,"href":"https:\/\/personalbiker.com.br\/lojapb\/wp-json\/wp\/v2\/product_brand?post=9990"},{"taxonomy":"product_cat","embeddable":true,"href":"https:\/\/personalbiker.com.br\/lojapb\/wp-json\/wp\/v2\/product_cat?post=9990"},{"taxonomy":"product_tag","embeddable":true,"href":"https:\/\/personalbiker.com.br\/lojapb\/wp-json\/wp\/v2\/product_tag?post=9990"}],"curies":[{"name":"wp","href":"https:\/\/api.w.org\/{rel}","templated":true}]}}