{"id":9983,"date":"2020-12-10T13:08:45","date_gmt":"2020-12-10T16:08:45","guid":{"rendered":"http:\/\/personalbiker.com.br\/lojapb\/?post_type=product&#038;p=9983"},"modified":"2024-09-26T08:41:32","modified_gmt":"2024-09-26T11:41:32","slug":"capacete-kraft-plus-preto-fosco-laranja","status":"publish","type":"product","link":"https:\/\/personalbiker.com.br\/lojapb\/produto\/capacete-kraft-plus-preto-fosco-laranja\/","title":{"rendered":"Capacete Kraft Plus Preto Fosco \/ Laranja Tam. 58"},"content":{"rendered":"","protected":false},"excerpt":{"rendered":"<p>Capacete Kraft Plus Preto Fosco &#8211; Certificado pelo Inmetro Nbr 7471<\/p>\n<p>Pilote com Seguran\u00e7a e Estilo com o Capacete Kraft Plus.<\/p>\n<p>Seja no dia a dia, ou no lazer, a Seguran\u00e7a \u00e9 fundamental. Imagine poder aliar a isto, Estilo. Com o capacete Kraft Plus Revestido Preto, voc\u00ea est\u00e1 protegido contra poss\u00edveis les\u00f5es causadas por impactos e ainda agrega o Estilo que s\u00f3 os produtos da Kraft t\u00eam.<\/p>\n<p>Capacete Kraft Plus Preto Fosco \u2013 Prote\u00e7\u00e3o com Estilo!<\/p>\n<p>-Casco injetado em Abs;<\/p>\n<p>-Viseira simples;<\/p>\n<p>-Saia remov\u00edvel;<\/p>\n<p>-Viseira de 2mm injetada em policarbonato com tratamento anti-risco;<\/p>\n<p>-Parafuso lateral em alum\u00ednio;<\/p>\n<p>-Engate r\u00e1pido,<\/p>\n<p>-Tamanhos: 56 \u2013 57 (veste 58)\u00a0&#8211; 58 (veste 60)<\/p>\n<p>-Certificado pelo Inmetro.<\/p>\n<p>INFORMA\u00c7\u00d5ES T\u00c9CNICAS<\/p>\n<p>Cor Predominante: Preto<\/p>\n<p>Conte\u00fado da Embalagem:1 Capacete Kraft Plus Preto Fosco<\/p>\n<p>Modelo:Plus Preto Fosco<\/p>\n<p>Material:Abs Injetado<\/p>\n<p>Dimens\u00f5es do Produto (cm):(A)19; (L)24; C(29)<\/p>\n<p>G\u00eanero:Unisex<\/p>\n<p>Peso do Produto (Kg):1,05<\/p>\n<p>Tipo do Produto:Capacete de Motociclismo<\/p>\n<p>Composi\u00e7\u00e3o do Material Interno: Ber\u00e7o em Eps, Espuma, Tecido de conforto antial\u00e9rgico<\/p>\n<p>Esporte: Motociclismo<\/p>\n","protected":false},"featured_media":9984,"template":"","meta":[],"product_brand":[],"product_cat":[55],"product_tag":[],"class_list":{"0":"post-9983","1":"product","2":"type-product","3":"status-publish","4":"has-post-thumbnail","6":"product_cat-kraft","8":"first","9":"outofstock","10":"shipping-taxable","11":"purchasable","12":"product-type-simple"},"_links":{"self":[{"href":"https:\/\/personalbiker.com.br\/lojapb\/wp-json\/wp\/v2\/product\/9983","targetHints":{"allow":["GET"]}}],"collection":[{"href":"https:\/\/personalbiker.com.br\/lojapb\/wp-json\/wp\/v2\/product"}],"about":[{"href":"https:\/\/personalbiker.com.br\/lojapb\/wp-json\/wp\/v2\/types\/product"}],"wp:featuredmedia":[{"embeddable":true,"href":"https:\/\/personalbiker.com.br\/lojapb\/wp-json\/wp\/v2\/media\/9984"}],"wp:attachment":[{"href":"https:\/\/personalbiker.com.br\/lojapb\/wp-json\/wp\/v2\/media?parent=9983"}],"wp:term":[{"taxonomy":"product_brand","embeddable":true,"href":"https:\/\/personalbiker.com.br\/lojapb\/wp-json\/wp\/v2\/product_brand?post=9983"},{"taxonomy":"product_cat","embeddable":true,"href":"https:\/\/personalbiker.com.br\/lojapb\/wp-json\/wp\/v2\/product_cat?post=9983"},{"taxonomy":"product_tag","embeddable":true,"href":"https:\/\/personalbiker.com.br\/lojapb\/wp-json\/wp\/v2\/product_tag?post=9983"}],"curies":[{"name":"wp","href":"https:\/\/api.w.org\/{rel}","templated":true}]}}