{"id":9938,"date":"2020-12-09T12:29:56","date_gmt":"2020-12-09T15:29:56","guid":{"rendered":"http:\/\/personalbiker.com.br\/lojapb\/?post_type=product&#038;p=9938"},"modified":"2025-05-16T13:03:41","modified_gmt":"2025-05-16T16:03:41","slug":"capacete-bicicleta-adulto-led-outmold-atrio","status":"publish","type":"product","link":"https:\/\/personalbiker.com.br\/lojapb\/produto\/capacete-bicicleta-adulto-led-outmold-atrio\/","title":{"rendered":"Capacete Bicicleta Adulto  Led Outmold-Atrio"},"content":{"rendered":"","protected":false},"excerpt":{"rendered":"<p>CAPACETE DE SEGURAN\u00c7A PARA CICLISMO<\/p>\n<p>Este capacete \u00e9 o ideal para sua seguran\u00e7a al\u00e9m de oferecer um design moderno e uma variedade nas cores, al\u00e9m de contar com um led sinalizador na parte traseira<\/p>\n<p>UNISSEX \u2013 ideal para todos os g\u00eaneros.<\/p>\n","protected":false},"featured_media":9939,"template":"","meta":[],"product_brand":[],"product_cat":[341],"product_tag":[],"class_list":{"0":"post-9938","1":"product","2":"type-product","3":"status-publish","4":"has-post-thumbnail","6":"product_cat-capacete-ciclista","7":"pa_cor-grafite","8":"pa_tamanho-g","10":"first","11":"instock","12":"shipping-taxable","13":"purchasable","14":"product-type-simple"},"_links":{"self":[{"href":"https:\/\/personalbiker.com.br\/lojapb\/wp-json\/wp\/v2\/product\/9938","targetHints":{"allow":["GET"]}}],"collection":[{"href":"https:\/\/personalbiker.com.br\/lojapb\/wp-json\/wp\/v2\/product"}],"about":[{"href":"https:\/\/personalbiker.com.br\/lojapb\/wp-json\/wp\/v2\/types\/product"}],"wp:featuredmedia":[{"embeddable":true,"href":"https:\/\/personalbiker.com.br\/lojapb\/wp-json\/wp\/v2\/media\/9939"}],"wp:attachment":[{"href":"https:\/\/personalbiker.com.br\/lojapb\/wp-json\/wp\/v2\/media?parent=9938"}],"wp:term":[{"taxonomy":"product_brand","embeddable":true,"href":"https:\/\/personalbiker.com.br\/lojapb\/wp-json\/wp\/v2\/product_brand?post=9938"},{"taxonomy":"product_cat","embeddable":true,"href":"https:\/\/personalbiker.com.br\/lojapb\/wp-json\/wp\/v2\/product_cat?post=9938"},{"taxonomy":"product_tag","embeddable":true,"href":"https:\/\/personalbiker.com.br\/lojapb\/wp-json\/wp\/v2\/product_tag?post=9938"}],"curies":[{"name":"wp","href":"https:\/\/api.w.org\/{rel}","templated":true}]}}