{"id":9926,"date":"2020-12-09T09:25:44","date_gmt":"2020-12-09T12:25:44","guid":{"rendered":"http:\/\/personalbiker.com.br\/lojapb\/?post_type=product&#038;p=9926"},"modified":"2022-07-01T09:44:25","modified_gmt":"2022-07-01T12:44:25","slug":"bicicleta-south-aro-29-24-marchas-t19-new-r06-mtb-aluminio-sh-freio-disco-hid","status":"publish","type":"product","link":"https:\/\/personalbiker.com.br\/lojapb\/produto\/bicicleta-south-aro-29-24-marchas-t19-new-r06-mtb-aluminio-sh-freio-disco-hid\/","title":{"rendered":"Bicicleta SOUTH \u2013 Aro 29 \u2013 24 Marchas T19 NEW R06 MTB Aluminio SH  Freio Disco Hid."},"content":{"rendered":"","protected":false},"excerpt":{"rendered":"<p><strong>Especifica\u00e7\u00f5es t\u00e9cnicas:<\/strong><\/p>\n<p>QUADRO SOUTH NEW R06 29\u2033 EM ALUM\u00cdNIO<br \/>\nMOVIMENTO CENTRAL SELADO<br \/>\nGARFO ARO 29 100mm DE CURSO COM TRAVA<\/p>\n<p>AROS 29\u2033 EM ALUM\u00cdNIO COM PAREDE DUPLA<br \/>\nPNEUS 29\u2033 2.10 MTB<br \/>\nCUBOS DIANTEIRO E TRASEIRO EM ALUM\u00cdNIO<\/p>\n<p>FREIOS \u00c1 DISCO HIDR\u00c1ULICOS<br \/>\nDISCOS DE FREIO 160mm<\/p>\n<p>C\u00c2MBIO DIANTEIRO 26.8\/31.8 SHIMANO<br \/>\nC\u00c2MBIO TRASEIRO 8V TX SHIMANO<br \/>\nALAVANCA DE C\u00c2MBIO RAPID FIRE GTS<br \/>\nRODA LIVRE 8V INDEXADA<br \/>\nPEDIVELA TRIPLO EM ALUM\u00cdNIO SHIMANO<\/p>\n<p>SELIM MTB SOUTHBIKE<br \/>\nCANOTE ALUM\u00cdNIO 350mm SOUTH NEW R06<br \/>\nABRA\u00c7ADEIRA ALUM\u00cdNIO SOUTH NEW R06<br \/>\nGUID\u00c3O MTB ALUM\u00cdNIO 700mm SOUTH NEW R06<br \/>\nMESA ALUM\u00cdNIO SOUTH NEW R06<\/p>\n<p>&nbsp;<\/p>\n","protected":false},"featured_media":9927,"template":"","meta":[],"product_brand":[],"product_cat":[334],"product_tag":[],"class_list":{"0":"post-9926","1":"product","2":"type-product","3":"status-publish","4":"has-post-thumbnail","6":"product_cat-bikes-south","7":"pa_cor-preto-azul-laranja-2","9":"first","10":"outofstock","11":"shipping-taxable","12":"purchasable","13":"product-type-simple"},"_links":{"self":[{"href":"https:\/\/personalbiker.com.br\/lojapb\/wp-json\/wp\/v2\/product\/9926","targetHints":{"allow":["GET"]}}],"collection":[{"href":"https:\/\/personalbiker.com.br\/lojapb\/wp-json\/wp\/v2\/product"}],"about":[{"href":"https:\/\/personalbiker.com.br\/lojapb\/wp-json\/wp\/v2\/types\/product"}],"wp:featuredmedia":[{"embeddable":true,"href":"https:\/\/personalbiker.com.br\/lojapb\/wp-json\/wp\/v2\/media\/9927"}],"wp:attachment":[{"href":"https:\/\/personalbiker.com.br\/lojapb\/wp-json\/wp\/v2\/media?parent=9926"}],"wp:term":[{"taxonomy":"product_brand","embeddable":true,"href":"https:\/\/personalbiker.com.br\/lojapb\/wp-json\/wp\/v2\/product_brand?post=9926"},{"taxonomy":"product_cat","embeddable":true,"href":"https:\/\/personalbiker.com.br\/lojapb\/wp-json\/wp\/v2\/product_cat?post=9926"},{"taxonomy":"product_tag","embeddable":true,"href":"https:\/\/personalbiker.com.br\/lojapb\/wp-json\/wp\/v2\/product_tag?post=9926"}],"curies":[{"name":"wp","href":"https:\/\/api.w.org\/{rel}","templated":true}]}}