{"id":9867,"date":"2020-11-30T11:26:31","date_gmt":"2020-11-30T14:26:31","guid":{"rendered":"http:\/\/personalbiker.com.br\/lojapb\/?post_type=product&#038;p=9867"},"modified":"2024-05-07T11:38:46","modified_gmt":"2024-05-07T14:38:46","slug":"bicicleta-aro-29-gtsm1-stilom-new-29-freio-a-disco-21-marcha-2","status":"publish","type":"product","link":"https:\/\/personalbiker.com.br\/lojapb\/produto\/bicicleta-aro-29-gtsm1-stilom-new-29-freio-a-disco-21-marcha-2\/","title":{"rendered":"Bicicleta Aro 29 (GTSM1) STILOM NEW 29 freio a disco 21V Tam.17 Cor Rosa"},"content":{"rendered":"","protected":false},"excerpt":{"rendered":"<h5>Bicicleta\u00a0 Aro 29 (GTSM1) STILOM NEW 29 freio a disco 21 Marchas quadro 17<br \/>\n\u00c9 ideal para quem quer come\u00e7ar a pedalar, realizar passeios e utilizar no dia-a dia<br \/>\nO Peso total da Bike \u00e9 de 15 Kg Montada. Suporta at\u00e9 100 kg.<\/h5>\n<h5>Sistema de Marchas:<br \/>\nsistema de marchas da bicicleta \u00e9 um dos mais importantes componentes, \u00e9 como se fosse o \u201ccora\u00e7\u00e3o\u201d da sua bike. c\u00e2mbios GTSM1 tem alta durabilidade e qualidade de sobra, ajudando voc\u00ea a ter alta performance em sua bike,<\/h5>\n<p>Rodas e Componentes:<br \/>\nUm dos aros mais procurados hoje em dia \u00e9 o 29, que \u00e9 um dos mais utilizados em nossas bikes mas \u00e9 preciso se atentar se realmente a bike possui um aro bom e com componentes que correspondam a grandes impactos e atritos.<\/p>\n<p>Selim e pedal:<br \/>\n*SELIM SIAN<br \/>\n*CANOTE Tradicional 26.8 Alum\u00ednio Preto.<\/p>\n<p>Suspens\u00e3o \/ Guid\u00e3o:<\/p>\n<p>o guid\u00e3o dessa bike por padr\u00e3o \u00e9 de alum\u00ednio curvo, por\u00e9m nada impede de fazermos a troca por um guid\u00e3o reto.<\/p>\n<p>Medidas: 115 x 20 x 65<\/p>\n<p>G\u00eanero: Unissex<\/p>\n","protected":false},"featured_media":9868,"template":"","meta":[],"product_brand":[],"product_cat":[331],"product_tag":[],"class_list":{"0":"post-9867","1":"product","2":"type-product","3":"status-publish","4":"has-post-thumbnail","6":"product_cat-bikes-gtsm1","7":"pa_cor-laranja","9":"first","10":"instock","11":"shipping-taxable","12":"purchasable","13":"product-type-simple"},"_links":{"self":[{"href":"https:\/\/personalbiker.com.br\/lojapb\/wp-json\/wp\/v2\/product\/9867","targetHints":{"allow":["GET"]}}],"collection":[{"href":"https:\/\/personalbiker.com.br\/lojapb\/wp-json\/wp\/v2\/product"}],"about":[{"href":"https:\/\/personalbiker.com.br\/lojapb\/wp-json\/wp\/v2\/types\/product"}],"wp:featuredmedia":[{"embeddable":true,"href":"https:\/\/personalbiker.com.br\/lojapb\/wp-json\/wp\/v2\/media\/9868"}],"wp:attachment":[{"href":"https:\/\/personalbiker.com.br\/lojapb\/wp-json\/wp\/v2\/media?parent=9867"}],"wp:term":[{"taxonomy":"product_brand","embeddable":true,"href":"https:\/\/personalbiker.com.br\/lojapb\/wp-json\/wp\/v2\/product_brand?post=9867"},{"taxonomy":"product_cat","embeddable":true,"href":"https:\/\/personalbiker.com.br\/lojapb\/wp-json\/wp\/v2\/product_cat?post=9867"},{"taxonomy":"product_tag","embeddable":true,"href":"https:\/\/personalbiker.com.br\/lojapb\/wp-json\/wp\/v2\/product_tag?post=9867"}],"curies":[{"name":"wp","href":"https:\/\/api.w.org\/{rel}","templated":true}]}}