{"id":980,"date":"2019-02-04T16:47:16","date_gmt":"2019-02-04T18:47:16","guid":{"rendered":"http:\/\/personalbiker.com.br\/lojapb\/?post_type=product&#038;p=980"},"modified":"2020-12-10T14:40:02","modified_gmt":"2020-12-10T17:40:02","slug":"capacete-mormaii-fs813-ray","status":"publish","type":"product","link":"https:\/\/personalbiker.com.br\/lojapb\/produto\/capacete-mormaii-fs813-ray\/","title":{"rendered":"Capacete Mormaii FS813 Ray Black Red"},"content":{"rendered":"","protected":false},"excerpt":{"rendered":"<p>Fabricado com casco em resina termopl\u00e1stica ABS de excelente qualidade e resist\u00eancia;<\/p>\n<p>Forro em tecido antimicrobiano e antial\u00e9rgico com sistema de fixa\u00e7\u00e3o, totalmente remov\u00edvel, permitindo a lavagem e maior durabilidade;<\/p>\n<p>Viseira flat transparente de 2mm em policarbonato com prote\u00e7\u00e3o antirrisco;<\/p>\n<p>Cinta jugular com sistema de engate microm\u00e9trico;<\/p>\n<p>Sistema de troca r\u00e1pida da viseira, sem o aux\u00edlio de ferramentas;<\/p>\n<p>Entradas de ar frontal e superior ajust\u00e1veis;<\/p>\n<p>Sistema de exaust\u00e3o de ar;<\/p>\n<p>Bavete e narigueira remov\u00edveis.<\/p>\n<p>Para saber o tamanho adequado, medir circunfer\u00eancia da<br \/>\ncabe\u00e7a na altura da testa.<\/p>\n<p>imagens meramente ilustrativas<\/p>\n","protected":false},"featured_media":9998,"template":"","meta":[],"product_brand":[],"product_cat":[57],"product_tag":[],"class_list":{"0":"post-980","1":"product","2":"type-product","3":"status-publish","4":"has-post-thumbnail","6":"product_cat-mormaii","7":"pa_cor-preto-vermelha","8":"pa_tamanho-74","10":"first","11":"instock","12":"shipping-taxable","13":"purchasable","14":"product-type-variable"},"_links":{"self":[{"href":"https:\/\/personalbiker.com.br\/lojapb\/wp-json\/wp\/v2\/product\/980","targetHints":{"allow":["GET"]}}],"collection":[{"href":"https:\/\/personalbiker.com.br\/lojapb\/wp-json\/wp\/v2\/product"}],"about":[{"href":"https:\/\/personalbiker.com.br\/lojapb\/wp-json\/wp\/v2\/types\/product"}],"wp:featuredmedia":[{"embeddable":true,"href":"https:\/\/personalbiker.com.br\/lojapb\/wp-json\/wp\/v2\/media\/9998"}],"wp:attachment":[{"href":"https:\/\/personalbiker.com.br\/lojapb\/wp-json\/wp\/v2\/media?parent=980"}],"wp:term":[{"taxonomy":"product_brand","embeddable":true,"href":"https:\/\/personalbiker.com.br\/lojapb\/wp-json\/wp\/v2\/product_brand?post=980"},{"taxonomy":"product_cat","embeddable":true,"href":"https:\/\/personalbiker.com.br\/lojapb\/wp-json\/wp\/v2\/product_cat?post=980"},{"taxonomy":"product_tag","embeddable":true,"href":"https:\/\/personalbiker.com.br\/lojapb\/wp-json\/wp\/v2\/product_tag?post=980"}],"curies":[{"name":"wp","href":"https:\/\/api.w.org\/{rel}","templated":true}]}}