{"id":9578,"date":"2019-12-20T16:54:15","date_gmt":"2019-12-20T19:54:15","guid":{"rendered":"http:\/\/personalbiker.com.br\/lojapb\/?post_type=product&#038;p=9578"},"modified":"2022-06-06T12:51:17","modified_gmt":"2022-06-06T15:51:17","slug":"trava-anti-furto-atrio-cadeado-bike-com-chave-u-lock-240-x180-mm-bi083","status":"publish","type":"product","link":"https:\/\/personalbiker.com.br\/lojapb\/produto\/trava-anti-furto-atrio-cadeado-bike-com-chave-u-lock-240-x180-mm-bi083\/","title":{"rendered":"Trava Anti Furt  Cadeado Bike com chave U-Lock 240 x180 mm"},"content":{"rendered":"","protected":false},"excerpt":{"rendered":"<p>Cadeado Com Chave &#8211; U-lock 240*180mm &#8211; Atrio &#8211; Bi083<\/p>\n<p>DESCRI\u00c7\u00c3O T\u00c9CNICA:<br \/>\nCadeado U LOCK com Chave<\/p>\n<p>Dados do produto<br \/>\nGarantia: 90(dias)<br \/>\nMarca:<br \/>\nNCM: 83011000<br \/>\nEAN: 7899838810836<\/p>\n<p>Dados de Embalagem<br \/>\nPeso Total (Produto + Embalagem): 1,00 kg)<\/p>\n<p>ITENS INCLUSOS:<br \/>\n1-Cadeado U LOCK com Chave<\/p>\n<p>imagens meramente ilustrativas<\/p>\n","protected":false},"featured_media":9579,"template":"","meta":[],"product_brand":[],"product_cat":[46],"product_tag":[],"class_list":{"0":"post-9578","1":"product","2":"type-product","3":"status-publish","4":"has-post-thumbnail","6":"product_cat-travas-anti-furto","8":"first","9":"instock","10":"shipping-taxable","11":"purchasable","12":"product-type-simple"},"_links":{"self":[{"href":"https:\/\/personalbiker.com.br\/lojapb\/wp-json\/wp\/v2\/product\/9578","targetHints":{"allow":["GET"]}}],"collection":[{"href":"https:\/\/personalbiker.com.br\/lojapb\/wp-json\/wp\/v2\/product"}],"about":[{"href":"https:\/\/personalbiker.com.br\/lojapb\/wp-json\/wp\/v2\/types\/product"}],"wp:featuredmedia":[{"embeddable":true,"href":"https:\/\/personalbiker.com.br\/lojapb\/wp-json\/wp\/v2\/media\/9579"}],"wp:attachment":[{"href":"https:\/\/personalbiker.com.br\/lojapb\/wp-json\/wp\/v2\/media?parent=9578"}],"wp:term":[{"taxonomy":"product_brand","embeddable":true,"href":"https:\/\/personalbiker.com.br\/lojapb\/wp-json\/wp\/v2\/product_brand?post=9578"},{"taxonomy":"product_cat","embeddable":true,"href":"https:\/\/personalbiker.com.br\/lojapb\/wp-json\/wp\/v2\/product_cat?post=9578"},{"taxonomy":"product_tag","embeddable":true,"href":"https:\/\/personalbiker.com.br\/lojapb\/wp-json\/wp\/v2\/product_tag?post=9578"}],"curies":[{"name":"wp","href":"https:\/\/api.w.org\/{rel}","templated":true}]}}