{"id":934,"date":"2019-02-01T14:14:52","date_gmt":"2019-02-01T16:14:52","guid":{"rendered":"http:\/\/personalbiker.com.br\/lojapb\/?post_type=product&#038;p=934"},"modified":"2022-08-19T16:31:51","modified_gmt":"2022-08-19T19:31:51","slug":"new-liberty-kids-raptor","status":"publish","type":"product","link":"https:\/\/personalbiker.com.br\/lojapb\/produto\/new-liberty-kids-raptor\/","title":{"rendered":"Capacete Infantil New Liberty kids Raptor\u00a0"},"content":{"rendered":"<h1 class=\"product-title product_title entry-title\"><\/h1>\n<p>&nbsp;<\/p>\n<h1 class=\"product-title product_title entry-title\"><\/h1>\n","protected":false},"excerpt":{"rendered":"<p>Voc\u00ea est\u00e1 preparado para novas aventuras?<\/p>\n<p>Chegou o novo Capacete Liberty for Kids Raptor, mais aventura para as crian\u00e7as,<\/p>\n<p>Forra\u00e7\u00e3o anti-al\u00e9rgica;<br \/>\nFecho microm\u00e9trico;<br \/>\nViseira de 2,00 mm com dupla curvatura;<br \/>\nDispon\u00edvel no tamanho 54.<\/p>\n<p>Para saber o tamanho adequado, medir circunfer\u00eancia da<br \/>\ncabe\u00e7a na altura da testa.<br \/>\nOBS: Em caso de troca por tamanho o frete \u00e9 por conta do cliente.<\/p>\n<p>imagens meramente ilustrativas<\/p>\n<p>&nbsp;<\/p>\n","protected":false},"featured_media":936,"template":"","meta":[],"product_brand":[],"product_cat":[20],"product_tag":[],"class_list":{"0":"post-934","1":"product","2":"type-product","3":"status-publish","4":"has-post-thumbnail","6":"product_cat-capacetes-infantil","7":"pa_cor-preto","8":"pa_tamanho-77","10":"first","11":"instock","12":"shipping-taxable","13":"purchasable","14":"product-type-variable"},"_links":{"self":[{"href":"https:\/\/personalbiker.com.br\/lojapb\/wp-json\/wp\/v2\/product\/934","targetHints":{"allow":["GET"]}}],"collection":[{"href":"https:\/\/personalbiker.com.br\/lojapb\/wp-json\/wp\/v2\/product"}],"about":[{"href":"https:\/\/personalbiker.com.br\/lojapb\/wp-json\/wp\/v2\/types\/product"}],"wp:featuredmedia":[{"embeddable":true,"href":"https:\/\/personalbiker.com.br\/lojapb\/wp-json\/wp\/v2\/media\/936"}],"wp:attachment":[{"href":"https:\/\/personalbiker.com.br\/lojapb\/wp-json\/wp\/v2\/media?parent=934"}],"wp:term":[{"taxonomy":"product_brand","embeddable":true,"href":"https:\/\/personalbiker.com.br\/lojapb\/wp-json\/wp\/v2\/product_brand?post=934"},{"taxonomy":"product_cat","embeddable":true,"href":"https:\/\/personalbiker.com.br\/lojapb\/wp-json\/wp\/v2\/product_cat?post=934"},{"taxonomy":"product_tag","embeddable":true,"href":"https:\/\/personalbiker.com.br\/lojapb\/wp-json\/wp\/v2\/product_tag?post=934"}],"curies":[{"name":"wp","href":"https:\/\/api.w.org\/{rel}","templated":true}]}}