{"id":93,"date":"2010-07-21T17:38:11","date_gmt":"2010-07-21T20:38:11","guid":{"rendered":"http:\/\/personalbiker.com.br\/lojapb\/?product=coletor-de-admissao"},"modified":"2022-08-23T16:54:29","modified_gmt":"2022-08-23T19:54:29","slug":"coletor-de-admissao","status":"publish","type":"product","link":"https:\/\/personalbiker.com.br\/lojapb\/produto\/coletor-de-admissao\/","title":{"rendered":"COLETOR DE ADMISS\u00c3O BIKELETE"},"content":{"rendered":"","protected":false},"excerpt":{"rendered":"<p>Especifica\u00e7\u00f5es<br \/>\n&#8211; Qualifica\u00e7\u00e3o: Produto novo<br \/>\n&#8211; Disponibilidade: Pronta entrega<br \/>\n&#8211; Compat\u00edvel com: Mobilete \/ Bikelete<\/p>\n<p>IMAGENS MERAMENTE ILUSTRATIVAS<\/p>\n","protected":false},"featured_media":92,"template":"","meta":[],"product_brand":[],"product_cat":[15],"product_tag":[],"class_list":{"0":"post-93","1":"product","2":"type-product","3":"status-publish","4":"has-post-thumbnail","6":"product_cat-sem-categoria","8":"first","9":"instock","10":"purchasable","11":"product-type-simple"},"_links":{"self":[{"href":"https:\/\/personalbiker.com.br\/lojapb\/wp-json\/wp\/v2\/product\/93","targetHints":{"allow":["GET"]}}],"collection":[{"href":"https:\/\/personalbiker.com.br\/lojapb\/wp-json\/wp\/v2\/product"}],"about":[{"href":"https:\/\/personalbiker.com.br\/lojapb\/wp-json\/wp\/v2\/types\/product"}],"wp:featuredmedia":[{"embeddable":true,"href":"https:\/\/personalbiker.com.br\/lojapb\/wp-json\/wp\/v2\/media\/92"}],"wp:attachment":[{"href":"https:\/\/personalbiker.com.br\/lojapb\/wp-json\/wp\/v2\/media?parent=93"}],"wp:term":[{"taxonomy":"product_brand","embeddable":true,"href":"https:\/\/personalbiker.com.br\/lojapb\/wp-json\/wp\/v2\/product_brand?post=93"},{"taxonomy":"product_cat","embeddable":true,"href":"https:\/\/personalbiker.com.br\/lojapb\/wp-json\/wp\/v2\/product_cat?post=93"},{"taxonomy":"product_tag","embeddable":true,"href":"https:\/\/personalbiker.com.br\/lojapb\/wp-json\/wp\/v2\/product_tag?post=93"}],"curies":[{"name":"wp","href":"https:\/\/api.w.org\/{rel}","templated":true}]}}