{"id":8964,"date":"2019-10-26T11:50:03","date_gmt":"2019-10-26T14:50:03","guid":{"rendered":"http:\/\/personalbiker.com.br\/lojapb\/?post_type=product&#038;p=8964"},"modified":"2022-08-22T15:38:26","modified_gmt":"2022-08-22T18:38:26","slug":"camara-kenda-26x1-90-2-125-balao-top-premium-com-valvula-americana","status":"publish","type":"product","link":"https:\/\/personalbiker.com.br\/lojapb\/produto\/camara-kenda-26x1-90-2-125-balao-top-premium-com-valvula-americana\/","title":{"rendered":"C\u00e2mara Kenda 26\u00d71.90 \/ 2.125 bal\u00e3o Top Premium Com V\u00e1lvula Americana"},"content":{"rendered":"","protected":false},"excerpt":{"rendered":"<p>C\u00e2mara de ar PREMIUM Aro 26 X 1.75\/2.00 PE-26 AV 33mm<br \/>\nQualidade Premium!<br \/>\nEssa c\u00e2mera \u00e9 a mais comum para bicicletas aro 26!<br \/>\nAceita remendo a quente e a frio. Indicada para pneus ARO 26 Medidas de pneus compat\u00edveis:<br \/>\n26 x 1.50<br \/>\n26 x 1.1\/2<br \/>\n26 x 1.1\/2 x 1.3\/8<br \/>\n26 x 1.1\/2 x 1.3\/4<br \/>\n26 x 1.1\/2 x 1.5\/8<br \/>\n26 x 1.3\/4.2<br \/>\n26 x 1.3\/8 x 1.1\/2<br \/>\n26 x 1.5\/8 x 1.1\/2<br \/>\n26 x 1.75<br \/>\n26 x 1.90<br \/>\n26 x 1.95<br \/>\n26 x 2.00<br \/>\n26 x 2.125<br \/>\nTipo v\u00e1lvula: Americana \u00e9 o tipo mais comum nas bicicletas, iguais \u00e0s v\u00e1lvulas de pneu de carro, tamb\u00e9m chamadas de &#8220;bico grosso&#8221; ou &#8220;v\u00e1lvula Schraeder&#8221;<br \/>\nComprimento v\u00e1lvula: 33 mm peso aproximado: 180g<\/p>\n<p>imagens meramente ilustrativas<\/p>\n","protected":false},"featured_media":8965,"template":"","meta":[],"product_brand":[],"product_cat":[233],"product_tag":[],"class_list":{"0":"post-8964","1":"product","2":"type-product","3":"status-publish","4":"has-post-thumbnail","6":"product_cat-camara-de-ar","8":"first","9":"outofstock","10":"shipping-taxable","11":"purchasable","12":"product-type-simple"},"_links":{"self":[{"href":"https:\/\/personalbiker.com.br\/lojapb\/wp-json\/wp\/v2\/product\/8964","targetHints":{"allow":["GET"]}}],"collection":[{"href":"https:\/\/personalbiker.com.br\/lojapb\/wp-json\/wp\/v2\/product"}],"about":[{"href":"https:\/\/personalbiker.com.br\/lojapb\/wp-json\/wp\/v2\/types\/product"}],"wp:featuredmedia":[{"embeddable":true,"href":"https:\/\/personalbiker.com.br\/lojapb\/wp-json\/wp\/v2\/media\/8965"}],"wp:attachment":[{"href":"https:\/\/personalbiker.com.br\/lojapb\/wp-json\/wp\/v2\/media?parent=8964"}],"wp:term":[{"taxonomy":"product_brand","embeddable":true,"href":"https:\/\/personalbiker.com.br\/lojapb\/wp-json\/wp\/v2\/product_brand?post=8964"},{"taxonomy":"product_cat","embeddable":true,"href":"https:\/\/personalbiker.com.br\/lojapb\/wp-json\/wp\/v2\/product_cat?post=8964"},{"taxonomy":"product_tag","embeddable":true,"href":"https:\/\/personalbiker.com.br\/lojapb\/wp-json\/wp\/v2\/product_tag?post=8964"}],"curies":[{"name":"wp","href":"https:\/\/api.w.org\/{rel}","templated":true}]}}