{"id":8959,"date":"2019-10-26T11:34:23","date_gmt":"2019-10-26T14:34:23","guid":{"rendered":"http:\/\/personalbiker.com.br\/lojapb\/?post_type=product&#038;p=8959"},"modified":"2022-08-22T15:44:09","modified_gmt":"2022-08-22T18:44:09","slug":"camara-kenda-26x1-90-2-125-balao-com-valvula-americana","status":"publish","type":"product","link":"https:\/\/personalbiker.com.br\/lojapb\/produto\/camara-kenda-26x1-90-2-125-balao-com-valvula-americana\/","title":{"rendered":"C\u00e2mara Kenda 26\u00d71.90 \/ 2.125 bal\u00e3o Com V\u00e1lvula Americana"},"content":{"rendered":"","protected":false},"excerpt":{"rendered":"<p>Descri\u00e7\u00e3o:<\/p>\n<p>C\u00e2mara Kenda 26 Bal\u00e3o Bico Grosso<br \/>\nMarca: Kenda<br \/>\nMedida: 26 x 1.9\/2.125 (Bal\u00e3o)<br \/>\nValvula: Schrader (Bico Grosso)<br \/>\nPeso: 0,193 gr.<br \/>\nV\u00e1lvula tipo americana (bico grosso).<br \/>\nQualidade superior.<br \/>\nBorracha Butyl.<br \/>\nEmenda invis\u00edvel.<br \/>\nMais elasticidade.<br \/>\nEspessura uniforme.<br \/>\nMaior resist\u00eancia a impacto.<br \/>\nAder\u00eancia a remendos a quente ou frio.<br \/>\nMais leve.<\/p>\n<p>imagens meramente ilustrativas<\/p>\n","protected":false},"featured_media":8960,"template":"","meta":[],"product_brand":[],"product_cat":[233],"product_tag":[],"class_list":{"0":"post-8959","1":"product","2":"type-product","3":"status-publish","4":"has-post-thumbnail","6":"product_cat-camara-de-ar","8":"first","9":"outofstock","10":"shipping-taxable","11":"purchasable","12":"product-type-simple"},"_links":{"self":[{"href":"https:\/\/personalbiker.com.br\/lojapb\/wp-json\/wp\/v2\/product\/8959","targetHints":{"allow":["GET"]}}],"collection":[{"href":"https:\/\/personalbiker.com.br\/lojapb\/wp-json\/wp\/v2\/product"}],"about":[{"href":"https:\/\/personalbiker.com.br\/lojapb\/wp-json\/wp\/v2\/types\/product"}],"wp:featuredmedia":[{"embeddable":true,"href":"https:\/\/personalbiker.com.br\/lojapb\/wp-json\/wp\/v2\/media\/8960"}],"wp:attachment":[{"href":"https:\/\/personalbiker.com.br\/lojapb\/wp-json\/wp\/v2\/media?parent=8959"}],"wp:term":[{"taxonomy":"product_brand","embeddable":true,"href":"https:\/\/personalbiker.com.br\/lojapb\/wp-json\/wp\/v2\/product_brand?post=8959"},{"taxonomy":"product_cat","embeddable":true,"href":"https:\/\/personalbiker.com.br\/lojapb\/wp-json\/wp\/v2\/product_cat?post=8959"},{"taxonomy":"product_tag","embeddable":true,"href":"https:\/\/personalbiker.com.br\/lojapb\/wp-json\/wp\/v2\/product_tag?post=8959"}],"curies":[{"name":"wp","href":"https:\/\/api.w.org\/{rel}","templated":true}]}}