{"id":8860,"date":"2019-10-21T15:06:38","date_gmt":"2019-10-21T18:06:38","guid":{"rendered":"http:\/\/personalbiker.com.br\/lojapb\/?post_type=product&#038;p=8860"},"modified":"2022-08-16T13:21:08","modified_gmt":"2022-08-16T16:21:08","slug":"transbike-universal-p-2-bike-c-catraca","status":"publish","type":"product","link":"https:\/\/personalbiker.com.br\/lojapb\/produto\/transbike-universal-p-2-bike-c-catraca\/","title":{"rendered":"Transbike Universal  Para Duas Bicicletas C\/ Catraca"},"content":{"rendered":"","protected":false},"excerpt":{"rendered":"<p>CAPACIDADE: 2 bicicletas<br \/>\nINDICA\u00c7\u00c3O: Qualquer tipo de bicicleta at\u00e9 aro 29<\/p>\n<p>CARACTER\u00cdSTICAS:<br \/>\nProduto de excelente qualidade;<br \/>\nPintura Ep\u00f3xi;<br \/>\nApoia-se Somente No Porta-Malas;<br \/>\nEstrutura leve e bonita;<br \/>\nProduto bem acabado e completo;<br \/>\nAbertura de f\u00e1cil regulagem e todos os \u00e2ngulos;<br \/>\n4 encaixes de borracha para assentamento do quadro das bicicletas, j\u00e1 posicionados no suporte;<br \/>\n4 al\u00e7as de borracha para prender as bikes;<br \/>\nResistente e de f\u00e1cil manuseio;<br \/>\nPr\u00e1tico e Seguro;<br \/>\nCatraca lateral para facilitar a montagem e desmontagem;<br \/>\nCapacidade para at\u00e9 2 bicicletas aro 29;<br \/>\nDobr\u00e1vel, adapta-se ao porta-malas de qualquer ve\u00edculo hatch (ex:palio) ou sedan (ex:siena);<br \/>\nN\u00e3o recomendamos o uso com bicicletas el\u00e9tricas;<\/p>\n<p>OBSERVA\u00c7\u00c3O:<br \/>\nN\u00e3o serve para pick-ups, Kombi, Fusca, vans com tampa reta<\/p>\n<p>imagens meramente ilustrativas<\/p>\n","protected":false},"featured_media":8867,"template":"","meta":[],"product_brand":[],"product_cat":[297],"product_tag":[],"class_list":{"0":"post-8860","1":"product","2":"type-product","3":"status-publish","4":"has-post-thumbnail","6":"product_cat-suporte-engate-transbike","8":"first","9":"instock","10":"shipping-taxable","11":"purchasable","12":"product-type-simple"},"_links":{"self":[{"href":"https:\/\/personalbiker.com.br\/lojapb\/wp-json\/wp\/v2\/product\/8860","targetHints":{"allow":["GET"]}}],"collection":[{"href":"https:\/\/personalbiker.com.br\/lojapb\/wp-json\/wp\/v2\/product"}],"about":[{"href":"https:\/\/personalbiker.com.br\/lojapb\/wp-json\/wp\/v2\/types\/product"}],"wp:featuredmedia":[{"embeddable":true,"href":"https:\/\/personalbiker.com.br\/lojapb\/wp-json\/wp\/v2\/media\/8867"}],"wp:attachment":[{"href":"https:\/\/personalbiker.com.br\/lojapb\/wp-json\/wp\/v2\/media?parent=8860"}],"wp:term":[{"taxonomy":"product_brand","embeddable":true,"href":"https:\/\/personalbiker.com.br\/lojapb\/wp-json\/wp\/v2\/product_brand?post=8860"},{"taxonomy":"product_cat","embeddable":true,"href":"https:\/\/personalbiker.com.br\/lojapb\/wp-json\/wp\/v2\/product_cat?post=8860"},{"taxonomy":"product_tag","embeddable":true,"href":"https:\/\/personalbiker.com.br\/lojapb\/wp-json\/wp\/v2\/product_tag?post=8860"}],"curies":[{"name":"wp","href":"https:\/\/api.w.org\/{rel}","templated":true}]}}