{"id":8854,"date":"2019-10-21T14:47:04","date_gmt":"2019-10-21T17:47:04","guid":{"rendered":"http:\/\/personalbiker.com.br\/lojapb\/?post_type=product&#038;p=8854"},"modified":"2022-06-06T15:49:44","modified_gmt":"2022-06-06T18:49:44","slug":"transbike-universal-calha","status":"publish","type":"product","link":"https:\/\/personalbiker.com.br\/lojapb\/produto\/transbike-universal-calha\/","title":{"rendered":"Transbike Universal Modelo Calha Para 1 Bicicleta"},"content":{"rendered":"","protected":false},"excerpt":{"rendered":"<p>Compat\u00edvel com:<br \/>\n\u2022 Universal<\/p>\n<p>OBS: O ve\u00edculo deve possuir rack de teto ou travessa instalado.<\/p>\n<p>Especifica\u00e7\u00e3o T\u00e9cnica:<br \/>\n\u2022 Base e Bra\u00e7os em A\u00e7o<br \/>\n\u2022 Calha em Alum\u00ednio<br \/>\n\u2022 Capacidade para Uma Bicicleta<br \/>\n\u2022 Transporte Seguro e Pr\u00e1tico<br \/>\n\u2022 Estrutura Leve e Resistente<br \/>\n\u2022 Possui Tratamento Anticorrosivo<br \/>\n\u2022 N\u00e3o H\u00e1 Necessidade de Desmontar a Bike<\/p>\n<p>Dicas de Seguran\u00e7a:<br \/>\n\u2022 \u00c9 normal que a aerodin\u00e2mica do carro seja prejudicada por conta da carga carregada e, com isso, haver\u00e1 ru\u00eddos causados pelo atrito do rack ou bagagem. Para diminuir esse inc\u00f4modo, voc\u00ea pode envolver sua bicicleta por uma lona para aumentar sua aerodin\u00e2mica, mas lembre-se: os ru\u00eddos n\u00e3o deixar\u00e3o de existir, pois a resist\u00eancia da carga ao ar ou vento ir\u00e1 provocar algum tipo de ru\u00eddo;<br \/>\n\u2022 Carregue somente o indicado, uma bicicleta, em seu rack;<br \/>\n\u2022 Todo carro com carga tem seu comportamento alterado, aumentando sua sensibilidade aos ventos laterais em curvas, arrancadas ou freadas;<br \/>\n\u2022 Quando estiver fazendo o transporte de alguma carga, deve-se ficar atento \u00e0 velocidade. A cautela evita acidentes;<br \/>\n\u2022 Com qualquer tipo de carga a velocidade do carro deve ficar entre 36Km\/h a 72Km\/h. Ultrapassar esta velocidade \u00e9 perigoso;<br \/>\n\u2022 Recomendamos que a cada 40Km percorrido a amarra\u00e7\u00e3o da carga e os parafusos do rack sejam verificados;<br \/>\n\u2022 Tanto o suporte quanto a carga devem estar centralizados no rack do teto;<br \/>\n\u2022 Ao lavar o carro em um lava r\u00e1pido (com escova girat\u00f3ria &#8211; escov\u00e3o), o rack dever\u00e1 ser retirado;<br \/>\n\u2022 Ao colocar um rack de teto em carros com teto solar, o mesmo dever\u00e1 permanecer fechado;<br \/>\n\u2022 Racks e bagageiros devem ser usados e testados sempre com crit\u00e9rio e responsabilidade;<br \/>\n\u2022 Use um rack espec\u00edfico para cada fim.<\/p>\n<p>Conte\u00fado da Embalagem:<br \/>\n\u2022 01 Suporte Transbike<br \/>\n\u2022 Kit de Instala\u00e7\u00e3o<\/p>\n<p>Importante:<br \/>\nValor Unit\u00e1rio.<br \/>\nImagens Meramente Ilustrativas.<br \/>\nRecomendamos que a instala\u00e7\u00e3o seja feita por profissional especializado e n\u00e3o nos responsabilizamos pelo mau uso do produto.<\/p>\n","protected":false},"featured_media":8856,"template":"","meta":[],"product_brand":[],"product_cat":[297],"product_tag":[],"class_list":{"0":"post-8854","1":"product","2":"type-product","3":"status-publish","4":"has-post-thumbnail","6":"product_cat-suporte-engate-transbike","8":"first","9":"instock","10":"shipping-taxable","11":"purchasable","12":"product-type-simple"},"_links":{"self":[{"href":"https:\/\/personalbiker.com.br\/lojapb\/wp-json\/wp\/v2\/product\/8854","targetHints":{"allow":["GET"]}}],"collection":[{"href":"https:\/\/personalbiker.com.br\/lojapb\/wp-json\/wp\/v2\/product"}],"about":[{"href":"https:\/\/personalbiker.com.br\/lojapb\/wp-json\/wp\/v2\/types\/product"}],"wp:featuredmedia":[{"embeddable":true,"href":"https:\/\/personalbiker.com.br\/lojapb\/wp-json\/wp\/v2\/media\/8856"}],"wp:attachment":[{"href":"https:\/\/personalbiker.com.br\/lojapb\/wp-json\/wp\/v2\/media?parent=8854"}],"wp:term":[{"taxonomy":"product_brand","embeddable":true,"href":"https:\/\/personalbiker.com.br\/lojapb\/wp-json\/wp\/v2\/product_brand?post=8854"},{"taxonomy":"product_cat","embeddable":true,"href":"https:\/\/personalbiker.com.br\/lojapb\/wp-json\/wp\/v2\/product_cat?post=8854"},{"taxonomy":"product_tag","embeddable":true,"href":"https:\/\/personalbiker.com.br\/lojapb\/wp-json\/wp\/v2\/product_tag?post=8854"}],"curies":[{"name":"wp","href":"https:\/\/api.w.org\/{rel}","templated":true}]}}