{"id":8848,"date":"2019-10-21T14:28:27","date_gmt":"2019-10-21T17:28:27","guid":{"rendered":"http:\/\/personalbiker.com.br\/lojapb\/?post_type=product&#038;p=8848"},"modified":"2022-06-06T15:47:45","modified_gmt":"2022-06-06T18:47:45","slug":"transbike-p-reboque-3bike","status":"publish","type":"product","link":"https:\/\/personalbiker.com.br\/lojapb\/produto\/transbike-p-reboque-3bike\/","title":{"rendered":"Transbike Para 3 Bicicletas Modelo Em V"},"content":{"rendered":"","protected":false},"excerpt":{"rendered":"<h4>Caracter\u00edsticas:<\/h4>\n<ul>\n<li>Corpo em a\u00e7o com acabamento em preto brilhante;<\/li>\n<li>Sistema de fixa\u00e7\u00e3o ao pino-bola (engate de reboque);<\/li>\n<li>Cintas em nylon com bitola de 25mm;<\/li>\n<li>Fivelas de ajuste met\u00e1licas;<\/li>\n<li>Corpo dobr\u00e1vel e bra\u00e7os articulados;<\/li>\n<li>Borrachas protetoras para a bike;<\/li>\n<li>El\u00e1stico de carga para fixa\u00e7\u00e3o;<\/li>\n<li>Transporta at\u00e9 tr\u00eas bicicletas (carga m\u00e1xima 45 Kg)<\/li>\n<li>Acompanha al\u00e7as de borracha para fixa\u00e7\u00e3o<\/li>\n<li>imagens meramente ilustrativas<\/li>\n<\/ul>\n","protected":false},"featured_media":8849,"template":"","meta":[],"product_brand":[],"product_cat":[297],"product_tag":[],"class_list":{"0":"post-8848","1":"product","2":"type-product","3":"status-publish","4":"has-post-thumbnail","6":"product_cat-suporte-engate-transbike","8":"first","9":"instock","10":"shipping-taxable","11":"purchasable","12":"product-type-simple"},"_links":{"self":[{"href":"https:\/\/personalbiker.com.br\/lojapb\/wp-json\/wp\/v2\/product\/8848","targetHints":{"allow":["GET"]}}],"collection":[{"href":"https:\/\/personalbiker.com.br\/lojapb\/wp-json\/wp\/v2\/product"}],"about":[{"href":"https:\/\/personalbiker.com.br\/lojapb\/wp-json\/wp\/v2\/types\/product"}],"wp:featuredmedia":[{"embeddable":true,"href":"https:\/\/personalbiker.com.br\/lojapb\/wp-json\/wp\/v2\/media\/8849"}],"wp:attachment":[{"href":"https:\/\/personalbiker.com.br\/lojapb\/wp-json\/wp\/v2\/media?parent=8848"}],"wp:term":[{"taxonomy":"product_brand","embeddable":true,"href":"https:\/\/personalbiker.com.br\/lojapb\/wp-json\/wp\/v2\/product_brand?post=8848"},{"taxonomy":"product_cat","embeddable":true,"href":"https:\/\/personalbiker.com.br\/lojapb\/wp-json\/wp\/v2\/product_cat?post=8848"},{"taxonomy":"product_tag","embeddable":true,"href":"https:\/\/personalbiker.com.br\/lojapb\/wp-json\/wp\/v2\/product_tag?post=8848"}],"curies":[{"name":"wp","href":"https:\/\/api.w.org\/{rel}","templated":true}]}}