{"id":8826,"date":"2019-10-21T10:53:07","date_gmt":"2019-10-21T13:53:07","guid":{"rendered":"http:\/\/personalbiker.com.br\/lojapb\/?post_type=product&#038;p=8826"},"modified":"2021-08-05T10:52:15","modified_gmt":"2021-08-05T13:52:15","slug":"pistao-moskito-50cc-pinotravaanel","status":"publish","type":"product","link":"https:\/\/personalbiker.com.br\/lojapb\/produto\/pistao-moskito-50cc-pinotravaanel\/","title":{"rendered":"Pist\u00e3o Moskito 50cc Pino+Trava+An\u00e9l"},"content":{"rendered":"","protected":false},"excerpt":{"rendered":"<p>01x Pist\u00e3o 50cc Kit Motor Bicicleta Motorizada Moskito<br \/>\n&#8211; 01x Pino 50cc Kit Motor Bicicleta Motorizada Moskito<br \/>\n&#8211; 02x Travas 50cc Kit Motor Bicicleta Motorizada Moskito<br \/>\n&#8211; 01x Jogo de Anel Moskito 50cc Kit Motor Bicicleta Motorizada Moskito<\/p>\n<p>IMAGENS MERAMENTE ILUSTRATIVAS<\/p>\n","protected":false},"featured_media":8827,"template":"","meta":[],"product_brand":[],"product_cat":[41],"product_tag":[],"class_list":{"0":"post-8826","1":"product","2":"type-product","3":"status-publish","4":"has-post-thumbnail","6":"product_cat-pecas-moskito","8":"first","9":"outofstock","10":"shipping-taxable","11":"purchasable","12":"product-type-simple"},"_links":{"self":[{"href":"https:\/\/personalbiker.com.br\/lojapb\/wp-json\/wp\/v2\/product\/8826","targetHints":{"allow":["GET"]}}],"collection":[{"href":"https:\/\/personalbiker.com.br\/lojapb\/wp-json\/wp\/v2\/product"}],"about":[{"href":"https:\/\/personalbiker.com.br\/lojapb\/wp-json\/wp\/v2\/types\/product"}],"wp:featuredmedia":[{"embeddable":true,"href":"https:\/\/personalbiker.com.br\/lojapb\/wp-json\/wp\/v2\/media\/8827"}],"wp:attachment":[{"href":"https:\/\/personalbiker.com.br\/lojapb\/wp-json\/wp\/v2\/media?parent=8826"}],"wp:term":[{"taxonomy":"product_brand","embeddable":true,"href":"https:\/\/personalbiker.com.br\/lojapb\/wp-json\/wp\/v2\/product_brand?post=8826"},{"taxonomy":"product_cat","embeddable":true,"href":"https:\/\/personalbiker.com.br\/lojapb\/wp-json\/wp\/v2\/product_cat?post=8826"},{"taxonomy":"product_tag","embeddable":true,"href":"https:\/\/personalbiker.com.br\/lojapb\/wp-json\/wp\/v2\/product_tag?post=8826"}],"curies":[{"name":"wp","href":"https:\/\/api.w.org\/{rel}","templated":true}]}}