{"id":8813,"date":"2019-10-21T09:54:36","date_gmt":"2019-10-21T12:54:36","guid":{"rendered":"http:\/\/personalbiker.com.br\/lojapb\/?post_type=product&#038;p=8813"},"modified":"2020-07-22T13:43:03","modified_gmt":"2020-07-22T16:43:03","slug":"pistao-75cc-mobilete-pinotravaanel","status":"publish","type":"product","link":"https:\/\/personalbiker.com.br\/lojapb\/produto\/pistao-75cc-mobilete-pinotravaanel\/","title":{"rendered":"Pist\u00e3o 75cc Mobilete +PINO+TRAVA+AN\u00c9L"},"content":{"rendered":"","protected":false},"excerpt":{"rendered":"<p>Pist\u00e3o Completo Mobilete Bikelete 75 Cc<\/p>\n<p>Pist\u00e3o 75cc<br \/>\nPino<br \/>\nTravas<br \/>\nAn\u00e9is<br \/>\nOriginal Bikelete 100%<\/p>\n<p>&nbsp;<\/p>\n<p>Imagens meramente ilustrativas<\/p>\n","protected":false},"featured_media":8814,"template":"","meta":[],"product_brand":[],"product_cat":[15],"product_tag":[],"class_list":{"0":"post-8813","1":"product","2":"type-product","3":"status-publish","4":"has-post-thumbnail","6":"product_cat-sem-categoria","8":"first","9":"outofstock","10":"shipping-taxable","11":"purchasable","12":"product-type-simple"},"_links":{"self":[{"href":"https:\/\/personalbiker.com.br\/lojapb\/wp-json\/wp\/v2\/product\/8813","targetHints":{"allow":["GET"]}}],"collection":[{"href":"https:\/\/personalbiker.com.br\/lojapb\/wp-json\/wp\/v2\/product"}],"about":[{"href":"https:\/\/personalbiker.com.br\/lojapb\/wp-json\/wp\/v2\/types\/product"}],"wp:featuredmedia":[{"embeddable":true,"href":"https:\/\/personalbiker.com.br\/lojapb\/wp-json\/wp\/v2\/media\/8814"}],"wp:attachment":[{"href":"https:\/\/personalbiker.com.br\/lojapb\/wp-json\/wp\/v2\/media?parent=8813"}],"wp:term":[{"taxonomy":"product_brand","embeddable":true,"href":"https:\/\/personalbiker.com.br\/lojapb\/wp-json\/wp\/v2\/product_brand?post=8813"},{"taxonomy":"product_cat","embeddable":true,"href":"https:\/\/personalbiker.com.br\/lojapb\/wp-json\/wp\/v2\/product_cat?post=8813"},{"taxonomy":"product_tag","embeddable":true,"href":"https:\/\/personalbiker.com.br\/lojapb\/wp-json\/wp\/v2\/product_tag?post=8813"}],"curies":[{"name":"wp","href":"https:\/\/api.w.org\/{rel}","templated":true}]}}