{"id":8804,"date":"2019-10-21T09:23:53","date_gmt":"2019-10-21T12:23:53","guid":{"rendered":"http:\/\/personalbiker.com.br\/lojapb\/?post_type=product&#038;p=8804"},"modified":"2021-04-13T12:10:52","modified_gmt":"2021-04-13T15:10:52","slug":"pistao-50cc-mobilete-nikki-completo","status":"publish","type":"product","link":"https:\/\/personalbiker.com.br\/lojapb\/produto\/pistao-50cc-mobilete-nikki-completo\/","title":{"rendered":"Pist\u00e3o 50cc Mobilete Nikki completo"},"content":{"rendered":"","protected":false},"excerpt":{"rendered":"<p>imagens meramente ilustrativas<\/p>\n<p>n\u00e3o acompanha o cilindro . somente o pist\u00e3o os an\u00e9is e trava<\/p>\n","protected":false},"featured_media":8805,"template":"","meta":[],"product_brand":[],"product_cat":[15],"product_tag":[],"class_list":{"0":"post-8804","1":"product","2":"type-product","3":"status-publish","4":"has-post-thumbnail","6":"product_cat-sem-categoria","8":"first","9":"outofstock","10":"shipping-taxable","11":"purchasable","12":"product-type-simple"},"_links":{"self":[{"href":"https:\/\/personalbiker.com.br\/lojapb\/wp-json\/wp\/v2\/product\/8804","targetHints":{"allow":["GET"]}}],"collection":[{"href":"https:\/\/personalbiker.com.br\/lojapb\/wp-json\/wp\/v2\/product"}],"about":[{"href":"https:\/\/personalbiker.com.br\/lojapb\/wp-json\/wp\/v2\/types\/product"}],"wp:featuredmedia":[{"embeddable":true,"href":"https:\/\/personalbiker.com.br\/lojapb\/wp-json\/wp\/v2\/media\/8805"}],"wp:attachment":[{"href":"https:\/\/personalbiker.com.br\/lojapb\/wp-json\/wp\/v2\/media?parent=8804"}],"wp:term":[{"taxonomy":"product_brand","embeddable":true,"href":"https:\/\/personalbiker.com.br\/lojapb\/wp-json\/wp\/v2\/product_brand?post=8804"},{"taxonomy":"product_cat","embeddable":true,"href":"https:\/\/personalbiker.com.br\/lojapb\/wp-json\/wp\/v2\/product_cat?post=8804"},{"taxonomy":"product_tag","embeddable":true,"href":"https:\/\/personalbiker.com.br\/lojapb\/wp-json\/wp\/v2\/product_tag?post=8804"}],"curies":[{"name":"wp","href":"https:\/\/api.w.org\/{rel}","templated":true}]}}