{"id":8776,"date":"2019-10-18T13:13:33","date_gmt":"2019-10-18T16:13:33","guid":{"rendered":"http:\/\/personalbiker.com.br\/lojapb\/?post_type=product&#038;p=8776"},"modified":"2022-08-16T13:33:58","modified_gmt":"2022-08-16T16:33:58","slug":"escapamento-bicicleta-motorizada-50-80cc-2-tempos-moskito","status":"publish","type":"product","link":"https:\/\/personalbiker.com.br\/lojapb\/produto\/escapamento-bicicleta-motorizada-50-80cc-2-tempos-moskito\/","title":{"rendered":"Escapamento Bicicleta Motorizada 50\/80cc 2 Tempos Moskito"},"content":{"rendered":"","protected":false},"excerpt":{"rendered":"<p>Escapamento Da Bicicleta Motorizada 80cc<\/p>\n<p>Compat\u00edvel com todos os modelos do mercado, (mesma &#8211; fura\u00e7\u00e3o)<\/p>\n<p>&#8211; Mokito<br \/>\n&#8211; Bicimoto<br \/>\n&#8211; Dsr<br \/>\nEtc&#8230;<\/p>\n<p>IMAGENS MERAMENTE ILUSTRATIVAS<\/p>\n","protected":false},"featured_media":8777,"template":"","meta":[],"product_brand":[],"product_cat":[41],"product_tag":[],"class_list":{"0":"post-8776","1":"product","2":"type-product","3":"status-publish","4":"has-post-thumbnail","6":"product_cat-pecas-moskito","8":"first","9":"outofstock","10":"shipping-taxable","11":"purchasable","12":"product-type-simple"},"_links":{"self":[{"href":"https:\/\/personalbiker.com.br\/lojapb\/wp-json\/wp\/v2\/product\/8776","targetHints":{"allow":["GET"]}}],"collection":[{"href":"https:\/\/personalbiker.com.br\/lojapb\/wp-json\/wp\/v2\/product"}],"about":[{"href":"https:\/\/personalbiker.com.br\/lojapb\/wp-json\/wp\/v2\/types\/product"}],"wp:featuredmedia":[{"embeddable":true,"href":"https:\/\/personalbiker.com.br\/lojapb\/wp-json\/wp\/v2\/media\/8777"}],"wp:attachment":[{"href":"https:\/\/personalbiker.com.br\/lojapb\/wp-json\/wp\/v2\/media?parent=8776"}],"wp:term":[{"taxonomy":"product_brand","embeddable":true,"href":"https:\/\/personalbiker.com.br\/lojapb\/wp-json\/wp\/v2\/product_brand?post=8776"},{"taxonomy":"product_cat","embeddable":true,"href":"https:\/\/personalbiker.com.br\/lojapb\/wp-json\/wp\/v2\/product_cat?post=8776"},{"taxonomy":"product_tag","embeddable":true,"href":"https:\/\/personalbiker.com.br\/lojapb\/wp-json\/wp\/v2\/product_tag?post=8776"}],"curies":[{"name":"wp","href":"https:\/\/api.w.org\/{rel}","templated":true}]}}