{"id":8698,"date":"2019-10-11T13:36:01","date_gmt":"2019-10-11T16:36:01","guid":{"rendered":"http:\/\/personalbiker.com.br\/lojapb\/?post_type=product&#038;p=8698"},"modified":"2022-08-17T15:32:28","modified_gmt":"2022-08-17T18:32:28","slug":"capacete-norisk-ff32-manty","status":"publish","type":"product","link":"https:\/\/personalbiker.com.br\/lojapb\/produto\/capacete-norisk-ff32-manty\/","title":{"rendered":"Capacete Norisk FF302 MANTY MATTE BLK RED"},"content":{"rendered":"","protected":false},"excerpt":{"rendered":"<ul class=\"specs-list specs-list-primary specs-structure-medium\">\n<li class=\"specs-item specs-item-primary\"><strong>Marca <\/strong>Norisk<\/li>\n<li class=\"specs-item specs-item-primary\"><strong>Linha <\/strong>FF302<\/li>\n<li class=\"specs-item specs-item-primary\"><strong>Modelo <\/strong>FF302<\/li>\n<li class=\"specs-item specs-item-primary\"><strong>Tipo de capacete <\/strong>Integral<\/li>\n<li class=\"specs-item specs-item-primary\"><strong>Tipo de visor <\/strong>Duplo<\/li>\n<li class=\"specs-item specs-item-primary\"><strong>Materiais do exterior <\/strong>ABS<\/li>\n<li class=\"specs-item specs-item-primary\"><strong>Idade <\/strong>Adultos<\/li>\n<li class=\"specs-item specs-item-primary\"><strong>Estilo <\/strong>Estrada<\/li>\n<li>Caracter\u00edsticas:- Casco em resina termopl\u00e1tica ABS;<br \/>\n&#8211; Viseira de 2mm com prote\u00e7\u00e3o UV, resistente a risco;<br \/>\n&#8211; Viseira solar interna;<br \/>\n&#8211; Forra\u00e7\u00e3o em tecido tecnol\u00f3gico, hipoal\u00e9rgico, remov\u00edvel e lav\u00e1vel;<br \/>\n&#8211; Cinta jugular com sistema de engate microm\u00e9trico;<br \/>\n&#8211; Sistema de ventila\u00e7\u00e3o: Entradas de ar frontal e extratores traseiros.<\/li>\n<li>IMAGENS MERAMENTE ILUSTRATIVAS<\/li>\n<\/ul>\n","protected":false},"featured_media":8699,"template":"","meta":[],"product_brand":[],"product_cat":[51],"product_tag":[],"class_list":{"0":"post-8698","1":"product","2":"type-product","3":"status-publish","4":"has-post-thumbnail","6":"product_cat-norisk","7":"pa_cor-preto-fosco-vermelho","8":"pa_tamanho-60-l","10":"first","11":"outofstock","12":"shipping-taxable","13":"purchasable","14":"product-type-variable"},"_links":{"self":[{"href":"https:\/\/personalbiker.com.br\/lojapb\/wp-json\/wp\/v2\/product\/8698","targetHints":{"allow":["GET"]}}],"collection":[{"href":"https:\/\/personalbiker.com.br\/lojapb\/wp-json\/wp\/v2\/product"}],"about":[{"href":"https:\/\/personalbiker.com.br\/lojapb\/wp-json\/wp\/v2\/types\/product"}],"wp:featuredmedia":[{"embeddable":true,"href":"https:\/\/personalbiker.com.br\/lojapb\/wp-json\/wp\/v2\/media\/8699"}],"wp:attachment":[{"href":"https:\/\/personalbiker.com.br\/lojapb\/wp-json\/wp\/v2\/media?parent=8698"}],"wp:term":[{"taxonomy":"product_brand","embeddable":true,"href":"https:\/\/personalbiker.com.br\/lojapb\/wp-json\/wp\/v2\/product_brand?post=8698"},{"taxonomy":"product_cat","embeddable":true,"href":"https:\/\/personalbiker.com.br\/lojapb\/wp-json\/wp\/v2\/product_cat?post=8698"},{"taxonomy":"product_tag","embeddable":true,"href":"https:\/\/personalbiker.com.br\/lojapb\/wp-json\/wp\/v2\/product_tag?post=8698"}],"curies":[{"name":"wp","href":"https:\/\/api.w.org\/{rel}","templated":true}]}}