{"id":8685,"date":"2019-10-11T10:35:09","date_gmt":"2019-10-11T13:35:09","guid":{"rendered":"http:\/\/personalbiker.com.br\/lojapb\/?post_type=product&#038;p=8685"},"modified":"2020-07-27T10:38:37","modified_gmt":"2020-07-27T13:38:37","slug":"camera-filmadora-de-capacete","status":"publish","type":"product","link":"https:\/\/personalbiker.com.br\/lojapb\/produto\/camera-filmadora-de-capacete\/","title":{"rendered":"Camera Filmadora de Capacete"},"content":{"rendered":"","protected":false},"excerpt":{"rendered":"<p>Com essa pequena e leve c\u00e2mera, ideal para esportes radicais como mountains bike, motocross,<br \/>\nescaladas e at\u00e9 mesmo mergulhos, pois ela possui uma case a prova d&#8217;agua, voc\u00ea pode registrar<br \/>\ntodos seus melhores momentos radicais, em uma qualidade 4k.<br \/>\n&#8212; INFORMA\u00c7\u00d5ES T\u00c9CNICAS &#8212;<\/p>\n<p>Resolu\u00e7\u00e3o Foto: 12 MP<br \/>\nWi-fi<br \/>\nSensor: Cmos<br \/>\nDisplay LCD: 2 Polegadas N\u00e3o Touch<br \/>\nResolu\u00e7\u00e3o de Video: 4K 15FPS 2.7k 30FPS 1080P 60FPS 30FPS 720P 90FPS 720P 60FPS 720P30FPS<br \/>\nFun\u00e7\u00e3o corrida: 720P a 90FPS<br \/>\nFormato de Compress\u00e3o de Vidro : H.264<br \/>\nFormato de Video\/Foto: Vidro MOV\/JPG<br \/>\nZoom: 4X FRACIONADO DE 0.1 A 4.0<br \/>\nAngulo: 170\u00b0<br \/>\nMemoria Suportada: 32Gb Micro SD<br \/>\nIdiomas: Portugu\u00eas\/Ingl\u00eas\/Fran\u00e7es\/Espanhol\/Alem\u00e3o\/Italiano\/Chin\u00eas\/Japon\u00eas\/Russo<br \/>\nConex\u00e3o: USB 2.0 \/ HDMI<br \/>\nTempo de Uso: 70 minutos<br \/>\nDimens\u00f5es: 29.8x59x41 mm<br \/>\nPeso: 44g<\/p>\n<p>Prova d&#8217;agua<\/p>\n<p>Garantia: 3 Meses<\/p>\n","protected":false},"featured_media":9371,"template":"","meta":[],"product_brand":[],"product_cat":[292],"product_tag":[],"class_list":{"0":"post-8685","1":"product","2":"type-product","3":"status-publish","4":"has-post-thumbnail","6":"product_cat-camera-filmadora","8":"first","9":"outofstock","10":"shipping-taxable","11":"purchasable","12":"product-type-simple"},"_links":{"self":[{"href":"https:\/\/personalbiker.com.br\/lojapb\/wp-json\/wp\/v2\/product\/8685","targetHints":{"allow":["GET"]}}],"collection":[{"href":"https:\/\/personalbiker.com.br\/lojapb\/wp-json\/wp\/v2\/product"}],"about":[{"href":"https:\/\/personalbiker.com.br\/lojapb\/wp-json\/wp\/v2\/types\/product"}],"wp:featuredmedia":[{"embeddable":true,"href":"https:\/\/personalbiker.com.br\/lojapb\/wp-json\/wp\/v2\/media\/9371"}],"wp:attachment":[{"href":"https:\/\/personalbiker.com.br\/lojapb\/wp-json\/wp\/v2\/media?parent=8685"}],"wp:term":[{"taxonomy":"product_brand","embeddable":true,"href":"https:\/\/personalbiker.com.br\/lojapb\/wp-json\/wp\/v2\/product_brand?post=8685"},{"taxonomy":"product_cat","embeddable":true,"href":"https:\/\/personalbiker.com.br\/lojapb\/wp-json\/wp\/v2\/product_cat?post=8685"},{"taxonomy":"product_tag","embeddable":true,"href":"https:\/\/personalbiker.com.br\/lojapb\/wp-json\/wp\/v2\/product_tag?post=8685"}],"curies":[{"name":"wp","href":"https:\/\/api.w.org\/{rel}","templated":true}]}}