{"id":8676,"date":"2019-10-10T17:17:03","date_gmt":"2019-10-10T20:17:03","guid":{"rendered":"http:\/\/personalbiker.com.br\/lojapb\/?post_type=product&#038;p=8676"},"modified":"2021-10-05T00:23:47","modified_gmt":"2021-10-05T03:23:47","slug":"capacete-ls2-ff320-stream-orbital","status":"publish","type":"product","link":"https:\/\/personalbiker.com.br\/lojapb\/produto\/capacete-ls2-ff320-stream-orbital\/","title":{"rendered":"Capacete LS2 FF320 STREAM ORBITAL"},"content":{"rendered":"","protected":false},"excerpt":{"rendered":"<p>O CAPACETE LS2 FF320 STINGER oferece todos os itens necess\u00e1rios para agradar todos os tipos de motociclistas, garantindo seguran\u00e7a, conforto e desempenho. Com design road touring, formato mais aerodin\u00e2mico, forro remov\u00edvel e sistema de troca de viseira melhorado, o LS2 Stream \u00e9 ideal para motociclistas de diversos estilos e idades. O destaque do capacete fica por conta da viseira solar interna, com novo acionamento lateral que facilita o dia-a-dia do motociclista.<\/p>\n<p>Peso m\u00e9dio: 1550 gramas<\/p>\n<p><strong>Caracter\u00edsticas:<\/strong><\/p>\n<ul>\n<li class=\"first even\">Casco em HIR-TH (Resina Termopl\u00e1stica de Alta Resist\u00eancia);<\/li>\n<li class=\"odd\">Viseira de 2,2mm resistente a riscos e preparada para PINLOCK\u00ae (n\u00e3o incluso);<\/li>\n<li class=\"even\">Viseira com novo sistema de trava frontal;<\/li>\n<li class=\"odd\">Novo sistema de troca r\u00e1pida de viseira;<\/li>\n<li class=\"even\">Viseira Solar Interna com prote\u00e7\u00e3o UV e com novo sistema de acionamento lateral do \u00f3culos interno;<\/li>\n<li class=\"odd\">Forra\u00e7\u00e3o respir\u00e1vel com novo acabamento interno e inser\u00e7\u00f5es refletivas;<\/li>\n<li class=\"even\">Forra\u00e7\u00e3o EASY FIT garante melhor conforto para uso de \u00f3culos;<\/li>\n<li class=\"odd\">Forra\u00e7\u00e3o interna totalmente remov\u00edvel e lav\u00e1vel, com nova tecnologia AEGIS Microbe Shield\u00ae, com tratamento higi\u00eanico e antial\u00e9rgico, que evita a prolifera\u00e7\u00e3o de bact\u00e9rias, fungos e outros micro-organismos que causam o mau-odor;<\/li>\n<li class=\"even\">Sistema de ventila\u00e7\u00e3o com aberturas frontais;<\/li>\n<li class=\"odd\">2 pontos de entrada de ar frontal (superior\/inferior) e 1 sa\u00edda de ar traseira;<\/li>\n<li class=\"even\">Cinta jugular com sistema de Engate Microm\u00e9trico;<\/li>\n<li class=\"last odd\">Acompanha Bavete e Narigueira.<\/li>\n<li>IMAGENS MERAMENTE ILUSRAIVAS<\/li>\n<\/ul>\n","protected":false},"featured_media":8679,"template":"","meta":[],"product_brand":[],"product_cat":[56],"product_tag":[],"class_list":{"0":"post-8676","1":"product","2":"type-product","3":"status-publish","4":"has-post-thumbnail","6":"product_cat-ls2","7":"pa_cor-preto-fosco-amarelo","8":"pa_tamanho-74","9":"pa_tamanho-60-l","11":"first","12":"outofstock","13":"shipping-taxable","14":"purchasable","15":"product-type-variable"},"_links":{"self":[{"href":"https:\/\/personalbiker.com.br\/lojapb\/wp-json\/wp\/v2\/product\/8676","targetHints":{"allow":["GET"]}}],"collection":[{"href":"https:\/\/personalbiker.com.br\/lojapb\/wp-json\/wp\/v2\/product"}],"about":[{"href":"https:\/\/personalbiker.com.br\/lojapb\/wp-json\/wp\/v2\/types\/product"}],"wp:featuredmedia":[{"embeddable":true,"href":"https:\/\/personalbiker.com.br\/lojapb\/wp-json\/wp\/v2\/media\/8679"}],"wp:attachment":[{"href":"https:\/\/personalbiker.com.br\/lojapb\/wp-json\/wp\/v2\/media?parent=8676"}],"wp:term":[{"taxonomy":"product_brand","embeddable":true,"href":"https:\/\/personalbiker.com.br\/lojapb\/wp-json\/wp\/v2\/product_brand?post=8676"},{"taxonomy":"product_cat","embeddable":true,"href":"https:\/\/personalbiker.com.br\/lojapb\/wp-json\/wp\/v2\/product_cat?post=8676"},{"taxonomy":"product_tag","embeddable":true,"href":"https:\/\/personalbiker.com.br\/lojapb\/wp-json\/wp\/v2\/product_tag?post=8676"}],"curies":[{"name":"wp","href":"https:\/\/api.w.org\/{rel}","templated":true}]}}