{"id":8664,"date":"2019-10-10T16:53:56","date_gmt":"2019-10-10T19:53:56","guid":{"rendered":"http:\/\/personalbiker.com.br\/lojapb\/?post_type=product&#038;p=8664"},"modified":"2021-10-05T02:35:15","modified_gmt":"2021-10-05T05:35:15","slug":"capacete-lls2-ff320-stream-dimitry-c-viseira-solar","status":"publish","type":"product","link":"https:\/\/personalbiker.com.br\/lojapb\/produto\/capacete-lls2-ff320-stream-dimitry-c-viseira-solar\/","title":{"rendered":"Capacete LLS2 FF320 Stream Dimitry (C\/VISEIRA SOLAR)"},"content":{"rendered":"","protected":false},"excerpt":{"rendered":"<p>Capacete Fechado LS2 Stream Dimitry com Viseira Solar (\u00d3culos interno)<\/p>\n<p>Especifica\u00e7\u00e3o T\u00e9cnica:<br \/>\n\u2022 Modelo Fechado com Sub Viseira Solar<br \/>\n\u2022 Casco HIR-TH Resina Termopl\u00e1stica de Alta Resist\u00eancia<br \/>\n\u2022 Casco com Prote\u00e7\u00e3o UV<br \/>\n\u2022 Capacete Ultraleve com Tecnologia KPA (Kinetic Polymer Alloy)<br \/>\n\u2022 Revestimento Antial\u00e9rgico<br \/>\n\u2022 Cinta com Fechamento com Engate Microm\u00e9trico<br \/>\n\u2022 Viseira em Policarbonato com Espessura de 2,2mm<br \/>\n\u2022 Sistema de Troca R\u00e1pida de Viseira<br \/>\n\u2022 Forro Remov\u00edvel e Lav\u00e1vel<br \/>\n\u2022 Bavete e Narigueira Remov\u00edveis<br \/>\n\u2022 Possui Entradas de Ar Frontais e Superiores e Sa\u00edda Traseira<br \/>\n\u2022 Alta Resist\u00eancia e Durabilidade<br \/>\n\u2022 Design Moderno<\/p>\n<p>Conte\u00fado da Embalagem:<br \/>\n\u2022 01 Capacete<\/p>\n<p>imagens meramente ilustrativas<\/p>\n","protected":false},"featured_media":8673,"template":"","meta":[],"product_brand":[],"product_cat":[56],"product_tag":[],"class_list":{"0":"post-8664","1":"product","2":"type-product","3":"status-publish","4":"has-post-thumbnail","6":"product_cat-ls2","7":"pa_tamanho-branco-cinza-azul","8":"pa_tamanho-74","10":"first","11":"outofstock","12":"shipping-taxable","13":"purchasable","14":"product-type-variable"},"_links":{"self":[{"href":"https:\/\/personalbiker.com.br\/lojapb\/wp-json\/wp\/v2\/product\/8664","targetHints":{"allow":["GET"]}}],"collection":[{"href":"https:\/\/personalbiker.com.br\/lojapb\/wp-json\/wp\/v2\/product"}],"about":[{"href":"https:\/\/personalbiker.com.br\/lojapb\/wp-json\/wp\/v2\/types\/product"}],"wp:featuredmedia":[{"embeddable":true,"href":"https:\/\/personalbiker.com.br\/lojapb\/wp-json\/wp\/v2\/media\/8673"}],"wp:attachment":[{"href":"https:\/\/personalbiker.com.br\/lojapb\/wp-json\/wp\/v2\/media?parent=8664"}],"wp:term":[{"taxonomy":"product_brand","embeddable":true,"href":"https:\/\/personalbiker.com.br\/lojapb\/wp-json\/wp\/v2\/product_brand?post=8664"},{"taxonomy":"product_cat","embeddable":true,"href":"https:\/\/personalbiker.com.br\/lojapb\/wp-json\/wp\/v2\/product_cat?post=8664"},{"taxonomy":"product_tag","embeddable":true,"href":"https:\/\/personalbiker.com.br\/lojapb\/wp-json\/wp\/v2\/product_tag?post=8664"}],"curies":[{"name":"wp","href":"https:\/\/api.w.org\/{rel}","templated":true}]}}