{"id":8586,"date":"2019-10-05T09:36:26","date_gmt":"2019-10-05T12:36:26","guid":{"rendered":"http:\/\/personalbiker.com.br\/lojapb\/?post_type=product&#038;p=8586"},"modified":"2022-08-15T13:16:32","modified_gmt":"2022-08-15T16:16:32","slug":"base-46l-bau-glider","status":"publish","type":"product","link":"https:\/\/personalbiker.com.br\/lojapb\/produto\/base-46l-bau-glider\/","title":{"rendered":"Base 46L BAU GLIDER"},"content":{"rendered":"","protected":false},"excerpt":{"rendered":"<p>Base Fixa\u00e7\u00e3o de Bauletos 46 \u00e0 48 Litros Glider<\/p>\n<p>Base constru\u00edda pela Glider para fixa\u00e7\u00e3o de Bauletos de 46 at\u00e9 48 Litros. Modelo com design arredondado e pronto para instala\u00e7\u00e3o na moto, auxiliando na fixa\u00e7\u00e3o do ba\u00fa e mantendo o mesmo bem firme e seguro para suas viagens, passeios ou uso no dia-a-dia na cidade.<\/p>\n<p>Caracter\u00edsticas Gerais:<\/p>\n<p>&#8211; Base Glider 46 \u00e0 48 Litros<br \/>\n&#8211; Design moderno<br \/>\n&#8211; F\u00e1cil instala\u00e7\u00e3o<\/p>\n<p>Imagens Meramente Ilustrativas<\/p>\n","protected":false},"featured_media":8587,"template":"","meta":[],"product_brand":[],"product_cat":[177],"product_tag":[],"class_list":{"0":"post-8586","1":"product","2":"type-product","3":"status-publish","4":"has-post-thumbnail","6":"product_cat-acessorios-p-baus","8":"first","9":"outofstock","10":"shipping-taxable","11":"purchasable","12":"product-type-simple"},"_links":{"self":[{"href":"https:\/\/personalbiker.com.br\/lojapb\/wp-json\/wp\/v2\/product\/8586","targetHints":{"allow":["GET"]}}],"collection":[{"href":"https:\/\/personalbiker.com.br\/lojapb\/wp-json\/wp\/v2\/product"}],"about":[{"href":"https:\/\/personalbiker.com.br\/lojapb\/wp-json\/wp\/v2\/types\/product"}],"wp:featuredmedia":[{"embeddable":true,"href":"https:\/\/personalbiker.com.br\/lojapb\/wp-json\/wp\/v2\/media\/8587"}],"wp:attachment":[{"href":"https:\/\/personalbiker.com.br\/lojapb\/wp-json\/wp\/v2\/media?parent=8586"}],"wp:term":[{"taxonomy":"product_brand","embeddable":true,"href":"https:\/\/personalbiker.com.br\/lojapb\/wp-json\/wp\/v2\/product_brand?post=8586"},{"taxonomy":"product_cat","embeddable":true,"href":"https:\/\/personalbiker.com.br\/lojapb\/wp-json\/wp\/v2\/product_cat?post=8586"},{"taxonomy":"product_tag","embeddable":true,"href":"https:\/\/personalbiker.com.br\/lojapb\/wp-json\/wp\/v2\/product_tag?post=8586"}],"curies":[{"name":"wp","href":"https:\/\/api.w.org\/{rel}","templated":true}]}}