{"id":8534,"date":"2019-10-04T16:05:13","date_gmt":"2019-10-04T19:05:13","guid":{"rendered":"http:\/\/personalbiker.com.br\/lojapb\/?post_type=product&#038;p=8534"},"modified":"2019-11-11T11:10:45","modified_gmt":"2019-11-11T14:10:45","slug":"bau-bauleto-glider-28-litros-utility","status":"publish","type":"product","link":"https:\/\/personalbiker.com.br\/lojapb\/produto\/bau-bauleto-glider-28-litros-utility\/","title":{"rendered":"Ba\u00fa Bauleto Glider 28 Litros Utility"},"content":{"rendered":"","protected":false},"excerpt":{"rendered":"<p>O Bauleto Glider Modelo &#8216;Utility&#8217; foi desenvolvido para o motociclista do dia a dia que precisar aliar agilidade e espa\u00e7o.<br \/>\nEste modelo segue os padr\u00f5es dos ba\u00fas utilizados pela pol\u00edcia Militar e Civil do estado de S\u00e3o Paulo.<\/p>\n<p>Ba\u00fa Bauleto Glider 28 Litros Utility<br \/>\nLindo com muito espa\u00e7o.<br \/>\nprecisando alinhar agilidade e espa\u00e7o.?<\/p>\n<p>Diferencial em rela\u00e7\u00e3o as outras Marcas.<\/p>\n<p>&#8211; Refor\u00e7ado<br \/>\n&#8211; Compacto, por\u00e9m espa\u00e7oso<br \/>\n&#8211; Suporta 6 kg<br \/>\n&#8211; Suporta quedas<br \/>\n&#8211; Sistema de fechamento Seguro<br \/>\n&#8211; N\u00e3o entra \u00e1gua<br \/>\n&#8211; Remov\u00edvel<br \/>\n&#8211; Possui al\u00e7a injetada na pe\u00e7a para transporte do mesmo<br \/>\n&#8211; Acompanha base<br \/>\n&#8211; Acompanha Kit de ferragens para instala\u00e7\u00e3o<\/p>\n<p>Caracter\u00edsticas T\u00e9cnicas:<\/p>\n<p>Capacidade: 28 Litros<br \/>\nCor: Preta<br \/>\nMaterial: Pl\u00e1stico ABS de alta resist\u00eancia<br \/>\nDimens\u00f5es Fechado: Comprimento 38,5cm x Altura 30cm x Largura (Profundidade): 30cm<br \/>\nDimens\u00f5es Aberto: Comprimento 38,5cm x Altura 18cm x Largura (Profundidade): 28,5cm<\/p>\n<p>Aplica\u00e7\u00f5es: Universal para Bagageiros de Motos<\/p>\n<p>Importante: N\u00e3o acompanha bagageiro (Churrasqueira)<\/p>\n<p>Conte\u00fado da embalagem:<\/p>\n<p>1 x Bauleto Com Base de fixa\u00e7\u00e3o para o bagageiro<br \/>\n1 x Kit Ferragens (4 Parafusos, 4 Porcas travantes, 4 Chapas Fixadoras).<\/p>\n<p>imagens meramente ilustrativas<\/p>\n","protected":false},"featured_media":8536,"template":"","meta":[],"product_brand":[],"product_cat":[39],"product_tag":[],"class_list":{"0":"post-8534","1":"product","2":"type-product","3":"status-publish","4":"has-post-thumbnail","6":"product_cat-baus-bauletos","7":"pa_cor-preto","9":"first","10":"outofstock","11":"shipping-taxable","12":"purchasable","13":"product-type-variable"},"_links":{"self":[{"href":"https:\/\/personalbiker.com.br\/lojapb\/wp-json\/wp\/v2\/product\/8534","targetHints":{"allow":["GET"]}}],"collection":[{"href":"https:\/\/personalbiker.com.br\/lojapb\/wp-json\/wp\/v2\/product"}],"about":[{"href":"https:\/\/personalbiker.com.br\/lojapb\/wp-json\/wp\/v2\/types\/product"}],"wp:featuredmedia":[{"embeddable":true,"href":"https:\/\/personalbiker.com.br\/lojapb\/wp-json\/wp\/v2\/media\/8536"}],"wp:attachment":[{"href":"https:\/\/personalbiker.com.br\/lojapb\/wp-json\/wp\/v2\/media?parent=8534"}],"wp:term":[{"taxonomy":"product_brand","embeddable":true,"href":"https:\/\/personalbiker.com.br\/lojapb\/wp-json\/wp\/v2\/product_brand?post=8534"},{"taxonomy":"product_cat","embeddable":true,"href":"https:\/\/personalbiker.com.br\/lojapb\/wp-json\/wp\/v2\/product_cat?post=8534"},{"taxonomy":"product_tag","embeddable":true,"href":"https:\/\/personalbiker.com.br\/lojapb\/wp-json\/wp\/v2\/product_tag?post=8534"}],"curies":[{"name":"wp","href":"https:\/\/api.w.org\/{rel}","templated":true}]}}