{"id":8474,"date":"2019-09-30T15:36:59","date_gmt":"2019-09-30T18:36:59","guid":{"rendered":"http:\/\/personalbiker.com.br\/lojapb\/?post_type=product&#038;p=8474"},"modified":"2022-08-19T16:44:49","modified_gmt":"2022-08-19T19:44:49","slug":"cotoveleira-skya","status":"publish","type":"product","link":"https:\/\/personalbiker.com.br\/lojapb\/produto\/cotoveleira-skya\/","title":{"rendered":"Cotoveleira Skya"},"content":{"rendered":"","protected":false},"excerpt":{"rendered":"<p><strong>Descri\u00e7\u00e3o:<\/strong><\/p>\n<p>Protetor de cotovelo e antebra\u00e7o confeccionado em ABS.<\/p>\n<p><strong>Finalidade:<\/strong><\/p>\n<p>Auxiliar na redu\u00e7\u00e3o de traumas nos membros superiores (Do cotovelo ao antebra\u00e7o).<\/p>\n<p>&nbsp;<\/p>\n<p><strong>Tipo de uso:<\/strong><\/p>\n<p>Preventivo.<\/p>\n<p><strong>Caracter\u00edsticas:<\/strong><\/p>\n<p>&#8211; Indicado para atividade em p\u00e9 ou sentado na moto;<\/p>\n<p>&#8211; F\u00e1cil de lavar;<\/p>\n<p>&#8211; Sistemas de fixa\u00e7\u00e3o por tiras de fita de 30 mm, articulada no desenho da espuma, com prote\u00e7\u00e3o prevenindo problemas de circula\u00e7\u00e3o;<\/p>\n<p>&#8211; Leve;<\/p>\n<p>&#8211; N\u00e3o arranha a moto.<\/p>\n<p>imagens meramente ilustrativas<\/p>\n","protected":false},"featured_media":8475,"template":"","meta":[],"product_brand":[],"product_cat":[27],"product_tag":[],"class_list":{"0":"post-8474","1":"product","2":"type-product","3":"status-publish","4":"has-post-thumbnail","6":"product_cat-jaquetas-calcas","8":"first","9":"instock","10":"shipping-taxable","11":"purchasable","12":"product-type-simple"},"_links":{"self":[{"href":"https:\/\/personalbiker.com.br\/lojapb\/wp-json\/wp\/v2\/product\/8474","targetHints":{"allow":["GET"]}}],"collection":[{"href":"https:\/\/personalbiker.com.br\/lojapb\/wp-json\/wp\/v2\/product"}],"about":[{"href":"https:\/\/personalbiker.com.br\/lojapb\/wp-json\/wp\/v2\/types\/product"}],"wp:featuredmedia":[{"embeddable":true,"href":"https:\/\/personalbiker.com.br\/lojapb\/wp-json\/wp\/v2\/media\/8475"}],"wp:attachment":[{"href":"https:\/\/personalbiker.com.br\/lojapb\/wp-json\/wp\/v2\/media?parent=8474"}],"wp:term":[{"taxonomy":"product_brand","embeddable":true,"href":"https:\/\/personalbiker.com.br\/lojapb\/wp-json\/wp\/v2\/product_brand?post=8474"},{"taxonomy":"product_cat","embeddable":true,"href":"https:\/\/personalbiker.com.br\/lojapb\/wp-json\/wp\/v2\/product_cat?post=8474"},{"taxonomy":"product_tag","embeddable":true,"href":"https:\/\/personalbiker.com.br\/lojapb\/wp-json\/wp\/v2\/product_tag?post=8474"}],"curies":[{"name":"wp","href":"https:\/\/api.w.org\/{rel}","templated":true}]}}