{"id":8454,"date":"2019-09-30T12:52:01","date_gmt":"2019-09-30T15:52:01","guid":{"rendered":"http:\/\/personalbiker.com.br\/lojapb\/?post_type=product&#038;p=8454"},"modified":"2019-11-18T10:19:44","modified_gmt":"2019-11-18T13:19:44","slug":"joelheira-adulto-titanium-pro-tork","status":"publish","type":"product","link":"https:\/\/personalbiker.com.br\/lojapb\/produto\/joelheira-adulto-titanium-pro-tork\/","title":{"rendered":"Joelheira adulto Titanium Pro Tork"},"content":{"rendered":"","protected":false},"excerpt":{"rendered":"<p>Joelheira Titanium\u00a0Pro Tork para Motocross e trilhas.<\/p>\n<p>Foi desenvolvida pensando em sua seguran\u00e7a. Com materiais de primeira linha e alta tecnologia, garantem prote\u00e7\u00e3o contra eventuais quedas e diminuem o risco de les\u00f5es mais graves.<\/p>\n<p>Descri\u00e7\u00e3o da Joelheira Titanium:<\/p>\n<p>Cumprimento: 40cm<\/p>\n<p>Largura: 12cm.<\/p>\n<p>Material: Pl\u00e1stico injetado (Alta Resist\u00eancia)<\/p>\n<p>Material extra: Prote\u00e7\u00e3o refor\u00e7ada abaixo do Joelho.<\/p>\n<p>El\u00e1stico com velcro para um ajuste mais seguro.<\/p>\n<p>Garantia de 3 meses contra defeitos de Fabrica\u00e7\u00e3o.<\/p>\n<p>Dispon\u00edvel na cor:\u00a0Preta<\/p>\n<p>Joelheira de tamanho \u00fanico<\/p>\n","protected":false},"featured_media":8455,"template":"","meta":[],"product_brand":[],"product_cat":[27],"product_tag":[],"class_list":{"0":"post-8454","1":"product","2":"type-product","3":"status-publish","4":"has-post-thumbnail","6":"product_cat-jaquetas-calcas","8":"first","9":"outofstock","10":"shipping-taxable","11":"purchasable","12":"product-type-simple"},"_links":{"self":[{"href":"https:\/\/personalbiker.com.br\/lojapb\/wp-json\/wp\/v2\/product\/8454","targetHints":{"allow":["GET"]}}],"collection":[{"href":"https:\/\/personalbiker.com.br\/lojapb\/wp-json\/wp\/v2\/product"}],"about":[{"href":"https:\/\/personalbiker.com.br\/lojapb\/wp-json\/wp\/v2\/types\/product"}],"wp:featuredmedia":[{"embeddable":true,"href":"https:\/\/personalbiker.com.br\/lojapb\/wp-json\/wp\/v2\/media\/8455"}],"wp:attachment":[{"href":"https:\/\/personalbiker.com.br\/lojapb\/wp-json\/wp\/v2\/media?parent=8454"}],"wp:term":[{"taxonomy":"product_brand","embeddable":true,"href":"https:\/\/personalbiker.com.br\/lojapb\/wp-json\/wp\/v2\/product_brand?post=8454"},{"taxonomy":"product_cat","embeddable":true,"href":"https:\/\/personalbiker.com.br\/lojapb\/wp-json\/wp\/v2\/product_cat?post=8454"},{"taxonomy":"product_tag","embeddable":true,"href":"https:\/\/personalbiker.com.br\/lojapb\/wp-json\/wp\/v2\/product_tag?post=8454"}],"curies":[{"name":"wp","href":"https:\/\/api.w.org\/{rel}","templated":true}]}}