{"id":8444,"date":"2019-09-30T11:55:19","date_gmt":"2019-09-30T14:55:19","guid":{"rendered":"http:\/\/personalbiker.com.br\/lojapb\/?post_type=product&#038;p=8444"},"modified":"2019-09-30T11:55:19","modified_gmt":"2019-09-30T14:55:19","slug":"joelheira-adulto-skya","status":"publish","type":"product","link":"https:\/\/personalbiker.com.br\/lojapb\/produto\/joelheira-adulto-skya\/","title":{"rendered":"Joelheira adulto skya"},"content":{"rendered":"","protected":false},"excerpt":{"rendered":"<p>Protetor para pernas &#8211; Skya<\/p>\n<p>*Equipamento de prote\u00e7\u00e3o para joelho e canela injetada em ABS (mesmo material que e confeccionado os capacetes).<br \/>\n*Joelheira Articulada, para facilitar os movimentos.<br \/>\n*Auxiliar na redu\u00e7\u00e3o de traumas nos membros inferiores baixos (Do joelho at\u00e9 a canela (t\u00edbia e Per\u00f4nio).<br \/>\n*F\u00e1cil de lavar.<br \/>\n*Sistemas de fixa\u00e7\u00e3o por tiras de el\u00e1stico e velcro.<\/p>\n","protected":false},"featured_media":8446,"template":"","meta":[],"product_brand":[],"product_cat":[27],"product_tag":[],"class_list":{"0":"post-8444","1":"product","2":"type-product","3":"status-publish","4":"has-post-thumbnail","6":"product_cat-jaquetas-calcas","8":"first","9":"instock","10":"shipping-taxable","11":"purchasable","12":"product-type-simple"},"_links":{"self":[{"href":"https:\/\/personalbiker.com.br\/lojapb\/wp-json\/wp\/v2\/product\/8444","targetHints":{"allow":["GET"]}}],"collection":[{"href":"https:\/\/personalbiker.com.br\/lojapb\/wp-json\/wp\/v2\/product"}],"about":[{"href":"https:\/\/personalbiker.com.br\/lojapb\/wp-json\/wp\/v2\/types\/product"}],"wp:featuredmedia":[{"embeddable":true,"href":"https:\/\/personalbiker.com.br\/lojapb\/wp-json\/wp\/v2\/media\/8446"}],"wp:attachment":[{"href":"https:\/\/personalbiker.com.br\/lojapb\/wp-json\/wp\/v2\/media?parent=8444"}],"wp:term":[{"taxonomy":"product_brand","embeddable":true,"href":"https:\/\/personalbiker.com.br\/lojapb\/wp-json\/wp\/v2\/product_brand?post=8444"},{"taxonomy":"product_cat","embeddable":true,"href":"https:\/\/personalbiker.com.br\/lojapb\/wp-json\/wp\/v2\/product_cat?post=8444"},{"taxonomy":"product_tag","embeddable":true,"href":"https:\/\/personalbiker.com.br\/lojapb\/wp-json\/wp\/v2\/product_tag?post=8444"}],"curies":[{"name":"wp","href":"https:\/\/api.w.org\/{rel}","templated":true}]}}