{"id":8439,"date":"2019-09-30T11:40:49","date_gmt":"2019-09-30T14:40:49","guid":{"rendered":"http:\/\/personalbiker.com.br\/lojapb\/?post_type=product&#038;p=8439"},"modified":"2022-06-06T10:29:07","modified_gmt":"2022-06-06T13:29:07","slug":"joelheira-adulto-knee-guard-pro-tork","status":"publish","type":"product","link":"https:\/\/personalbiker.com.br\/lojapb\/produto\/joelheira-adulto-knee-guard-pro-tork\/","title":{"rendered":"Joelheira  adulto Knee Guard Pro Tork"},"content":{"rendered":"","protected":false},"excerpt":{"rendered":"<p>oelheira pro tork knee guard traz mat\u00e9rias de primeira qualidade, baixo peso, encaixe perfeito e conforto extremo na pilotagem, tudo isso sem exigir muito do seu bolso. Produzido pela maior f\u00e1brica de moto pe\u00e7as da am\u00e9rica latina.<br \/>\nCaracter\u00edsticas da Joelheira Knee Guard<br \/>\nSistema de articula\u00e7\u00e3o<br \/>\nFechamento em forma de tr\u00eas Cintas com velcro<br \/>\nSuper leve, confort\u00e1vel e resistente<br \/>\nDesenvolvida para um melhor desempenho e mobilidade dopiloto<br \/>\nProte\u00e7\u00e3o e Seguran\u00e7a<br \/>\nMedidas Aproximadas:<br \/>\nLargura: 29cm<br \/>\nComprimento: 38cm<br \/>\nCor: Preta<br \/>\nC\u00f3digo do fabricante: JO-01<br \/>\nConte\u00fado da Embalagem: 1 par de joelheiras knee guard<\/p>\n<p>imagens meramente ilustrativas<\/p>\n","protected":false},"featured_media":8440,"template":"","meta":[],"product_brand":[],"product_cat":[27],"product_tag":[],"class_list":{"0":"post-8439","1":"product","2":"type-product","3":"status-publish","4":"has-post-thumbnail","6":"product_cat-jaquetas-calcas","8":"first","9":"outofstock","10":"shipping-taxable","11":"purchasable","12":"product-type-simple"},"_links":{"self":[{"href":"https:\/\/personalbiker.com.br\/lojapb\/wp-json\/wp\/v2\/product\/8439","targetHints":{"allow":["GET"]}}],"collection":[{"href":"https:\/\/personalbiker.com.br\/lojapb\/wp-json\/wp\/v2\/product"}],"about":[{"href":"https:\/\/personalbiker.com.br\/lojapb\/wp-json\/wp\/v2\/types\/product"}],"wp:featuredmedia":[{"embeddable":true,"href":"https:\/\/personalbiker.com.br\/lojapb\/wp-json\/wp\/v2\/media\/8440"}],"wp:attachment":[{"href":"https:\/\/personalbiker.com.br\/lojapb\/wp-json\/wp\/v2\/media?parent=8439"}],"wp:term":[{"taxonomy":"product_brand","embeddable":true,"href":"https:\/\/personalbiker.com.br\/lojapb\/wp-json\/wp\/v2\/product_brand?post=8439"},{"taxonomy":"product_cat","embeddable":true,"href":"https:\/\/personalbiker.com.br\/lojapb\/wp-json\/wp\/v2\/product_cat?post=8439"},{"taxonomy":"product_tag","embeddable":true,"href":"https:\/\/personalbiker.com.br\/lojapb\/wp-json\/wp\/v2\/product_tag?post=8439"}],"curies":[{"name":"wp","href":"https:\/\/api.w.org\/{rel}","templated":true}]}}