{"id":8398,"date":"2019-09-25T14:43:31","date_gmt":"2019-09-25T17:43:31","guid":{"rendered":"http:\/\/personalbiker.com.br\/lojapb\/?post_type=product&#038;p=8398"},"modified":"2019-09-25T14:45:12","modified_gmt":"2019-09-25T17:45:12","slug":"bolsa-termica-quadrada-35-cm-3-pizzas","status":"publish","type":"product","link":"https:\/\/personalbiker.com.br\/lojapb\/produto\/bolsa-termica-quadrada-35-cm-3-pizzas\/","title":{"rendered":"Bolsa T\u00e9rmica Quadrada 35 cm 3 pizzas"},"content":{"rendered":"","protected":false},"excerpt":{"rendered":"<p>Bolsa T\u00e9rmica p\/ entrega Pizzas c\/embalagem at\u00e9 35 cm<\/p>\n<p>Confeccionada em nylon de alta resist\u00eancia.<br \/>\nForra\u00e7\u00e3o interna com tecido t\u00e9rmico que ajuda a manter o calor das pizzas.<br \/>\nZ\u00edper com dois carrinhos.<br \/>\nVisor transparente superior para armazenar pequenos pap\u00e9is.<br \/>\nDuas al\u00e7as superiores para facilitar o carregamento.<br \/>\nComporta at\u00e9 3 pizzas de embalagem quadrada ou oitavada com 35cm de comprimento e largura.<br \/>\nDimens\u00f5es internas em cm: Largura = 35, Comprimento = 35, Altura = 15<\/p>\n<p>imagens meramente ilustrativas<\/p>\n","protected":false},"featured_media":8405,"template":"","meta":[],"product_brand":[],"product_cat":[260],"product_tag":[],"class_list":{"0":"post-8398","1":"product","2":"type-product","3":"status-publish","4":"has-post-thumbnail","6":"product_cat-bolsa-pochetes-acessorios","7":"pa_cor-preto","9":"first","10":"instock","11":"shipping-taxable","12":"purchasable","13":"product-type-variable"},"_links":{"self":[{"href":"https:\/\/personalbiker.com.br\/lojapb\/wp-json\/wp\/v2\/product\/8398","targetHints":{"allow":["GET"]}}],"collection":[{"href":"https:\/\/personalbiker.com.br\/lojapb\/wp-json\/wp\/v2\/product"}],"about":[{"href":"https:\/\/personalbiker.com.br\/lojapb\/wp-json\/wp\/v2\/types\/product"}],"wp:featuredmedia":[{"embeddable":true,"href":"https:\/\/personalbiker.com.br\/lojapb\/wp-json\/wp\/v2\/media\/8405"}],"wp:attachment":[{"href":"https:\/\/personalbiker.com.br\/lojapb\/wp-json\/wp\/v2\/media?parent=8398"}],"wp:term":[{"taxonomy":"product_brand","embeddable":true,"href":"https:\/\/personalbiker.com.br\/lojapb\/wp-json\/wp\/v2\/product_brand?post=8398"},{"taxonomy":"product_cat","embeddable":true,"href":"https:\/\/personalbiker.com.br\/lojapb\/wp-json\/wp\/v2\/product_cat?post=8398"},{"taxonomy":"product_tag","embeddable":true,"href":"https:\/\/personalbiker.com.br\/lojapb\/wp-json\/wp\/v2\/product_tag?post=8398"}],"curies":[{"name":"wp","href":"https:\/\/api.w.org\/{rel}","templated":true}]}}