{"id":8376,"date":"2019-09-16T17:48:15","date_gmt":"2019-09-16T20:48:15","guid":{"rendered":"http:\/\/personalbiker.com.br\/lojapb\/?post_type=product&#038;p=8376"},"modified":"2020-12-14T14:05:03","modified_gmt":"2020-12-14T17:05:03","slug":"bau-moto-boy-135l-o2bc-2","status":"publish","type":"product","link":"https:\/\/personalbiker.com.br\/lojapb\/produto\/bau-moto-boy-135l-o2bc-2\/","title":{"rendered":"BAU MOTO BOY 135L O2BC"},"content":{"rendered":"","protected":false},"excerpt":{"rendered":"<p>Especifica\u00e7\u00f5es Especifica\u00e7\u00f5es do Ba\u00fa:<br \/>\nCapacidade de 135 Litros<br \/>\nProduto injetado em mat\u00e9ria prima PP (deve ser instalado com o suporte para o ba\u00fa)<br \/>\nPerfeito acabamento<\/p>\n<p>Medidas Interna e Capacidade:<br \/>\nAltura: 48 cm<br \/>\nLargura: 51 cm<br \/>\nComprimento: 51 cm<br \/>\nProfundidade: 51cm<br \/>\nA Boca do Bau: 48 x 47 cm Contando do Tamanho da Abertura do Bau<\/p>\n<p>Especifica\u00e7\u00e3o do Suporte:<br \/>\nDesenvolvido em chapas de a\u00e7o altamente refor\u00e7adas<br \/>\n\u00d3tima qualidade e resist\u00eancia<br \/>\nExcelente acabamento<br \/>\nF\u00e1cil instala\u00e7\u00e3o<br \/>\nPintura preta<br \/>\nCortes e furos feitos a laser<br \/>\nAcompanha 4 parafusos borboleta para fixar na moto<br \/>\nOferece a possibilidade de retirar o suporte afrouxando quatro parafusos \u201cborboleta\u201d.<br \/>\nN\u00e3o acompanha parafusos para a fixa\u00e7\u00e3o do ba\u00fa<br \/>\nObs: Este Ba\u00fa da Pro Tork \u00e9 uma op\u00e7\u00e3o segura e legal e atende as exig\u00eancias da resolu\u00e7\u00e3o 365 do Contran.<\/p>\n<p>Kit Composto:<br \/>\n1 Ba\u00fa Pro Tork 135 Litros<br \/>\n1 Suporte<br \/>\n4 Parafusos de fixa\u00e7\u00e3o<\/p>\n<p>IMAGENS MERAMENTE ILUSTRATIVAS<\/p>\n","protected":false},"featured_media":8377,"template":"","meta":[],"product_brand":[],"product_cat":[39],"product_tag":[],"class_list":{"0":"post-8376","1":"product","2":"type-product","3":"status-publish","4":"has-post-thumbnail","6":"product_cat-baus-bauletos","7":"pa_cor-preto","9":"first","10":"outofstock","11":"shipping-taxable","12":"purchasable","13":"product-type-variable"},"_links":{"self":[{"href":"https:\/\/personalbiker.com.br\/lojapb\/wp-json\/wp\/v2\/product\/8376","targetHints":{"allow":["GET"]}}],"collection":[{"href":"https:\/\/personalbiker.com.br\/lojapb\/wp-json\/wp\/v2\/product"}],"about":[{"href":"https:\/\/personalbiker.com.br\/lojapb\/wp-json\/wp\/v2\/types\/product"}],"wp:featuredmedia":[{"embeddable":true,"href":"https:\/\/personalbiker.com.br\/lojapb\/wp-json\/wp\/v2\/media\/8377"}],"wp:attachment":[{"href":"https:\/\/personalbiker.com.br\/lojapb\/wp-json\/wp\/v2\/media?parent=8376"}],"wp:term":[{"taxonomy":"product_brand","embeddable":true,"href":"https:\/\/personalbiker.com.br\/lojapb\/wp-json\/wp\/v2\/product_brand?post=8376"},{"taxonomy":"product_cat","embeddable":true,"href":"https:\/\/personalbiker.com.br\/lojapb\/wp-json\/wp\/v2\/product_cat?post=8376"},{"taxonomy":"product_tag","embeddable":true,"href":"https:\/\/personalbiker.com.br\/lojapb\/wp-json\/wp\/v2\/product_tag?post=8376"}],"curies":[{"name":"wp","href":"https:\/\/api.w.org\/{rel}","templated":true}]}}