{"id":8238,"date":"2019-09-03T10:53:16","date_gmt":"2019-09-03T13:53:16","guid":{"rendered":"http:\/\/personalbiker.com.br\/lojapb\/?post_type=product&#038;p=8238"},"modified":"2019-11-25T15:40:57","modified_gmt":"2019-11-25T18:40:57","slug":"embreagem-doppler-de-competicao-vermelha-mobilete-bikelete","status":"publish","type":"product","link":"https:\/\/personalbiker.com.br\/lojapb\/produto\/embreagem-doppler-de-competicao-vermelha-mobilete-bikelete\/","title":{"rendered":"Embreagem Doppler De Competi\u00e7\u00e3o Vermelha Mobilete &#8211; Bikelete"},"content":{"rendered":"","protected":false},"excerpt":{"rendered":"<p>Embreagem de Competi\u00e7\u00e3o para Mobilete, Bikelete e Monark de Todos os anos<br \/>\nMuito f\u00e1cil de montar<br \/>\nSuper R\u00e1pido, Leve e de Baixo com Manuten\u00e7\u00e3o.<br \/>\nO mais vendido do Brasil.<br \/>\nOriginal Bikelete.<br \/>\nQualidade 100% garantida.<\/p>\n<p>Informa\u00e7\u00f5es T\u00e9cnicas<\/p>\n<p>(Somente para Motores com Partida Retr\u00e1til)<br \/>\nN\u00e3o Pega no &#8220;Tranco&#8221;<br \/>\nPara Mobiletes, Bikeletes, Monark de Todos os Anos<br \/>\nMotor Av-10<\/p>\n<p>IMAGENS MERAMENTE ILUSTRATIVAS<\/p>\n","protected":false},"featured_media":8239,"template":"","meta":[],"product_brand":[],"product_cat":[15],"product_tag":[],"class_list":{"0":"post-8238","1":"product","2":"type-product","3":"status-publish","4":"has-post-thumbnail","6":"product_cat-sem-categoria","8":"first","9":"outofstock","10":"shipping-taxable","11":"purchasable","12":"product-type-simple"},"_links":{"self":[{"href":"https:\/\/personalbiker.com.br\/lojapb\/wp-json\/wp\/v2\/product\/8238","targetHints":{"allow":["GET"]}}],"collection":[{"href":"https:\/\/personalbiker.com.br\/lojapb\/wp-json\/wp\/v2\/product"}],"about":[{"href":"https:\/\/personalbiker.com.br\/lojapb\/wp-json\/wp\/v2\/types\/product"}],"wp:featuredmedia":[{"embeddable":true,"href":"https:\/\/personalbiker.com.br\/lojapb\/wp-json\/wp\/v2\/media\/8239"}],"wp:attachment":[{"href":"https:\/\/personalbiker.com.br\/lojapb\/wp-json\/wp\/v2\/media?parent=8238"}],"wp:term":[{"taxonomy":"product_brand","embeddable":true,"href":"https:\/\/personalbiker.com.br\/lojapb\/wp-json\/wp\/v2\/product_brand?post=8238"},{"taxonomy":"product_cat","embeddable":true,"href":"https:\/\/personalbiker.com.br\/lojapb\/wp-json\/wp\/v2\/product_cat?post=8238"},{"taxonomy":"product_tag","embeddable":true,"href":"https:\/\/personalbiker.com.br\/lojapb\/wp-json\/wp\/v2\/product_tag?post=8238"}],"curies":[{"name":"wp","href":"https:\/\/api.w.org\/{rel}","templated":true}]}}