{"id":8197,"date":"2019-08-29T13:42:22","date_gmt":"2019-08-29T16:42:22","guid":{"rendered":"http:\/\/personalbiker.com.br\/lojapb\/?post_type=product&#038;p=8197"},"modified":"2019-12-02T08:43:39","modified_gmt":"2019-12-02T11:43:39","slug":"capacete-shox-mugello-prey-matt-branco","status":"publish","type":"product","link":"https:\/\/personalbiker.com.br\/lojapb\/produto\/capacete-shox-mugello-prey-matt-branco\/","title":{"rendered":"Capacete Shox Mugello Prey Matt branco"},"content":{"rendered":"","protected":false},"excerpt":{"rendered":"<p>Caracter\u00edsticas: &#8211; Casco Moderno E Aerodin\u00e2mico Em Resina Termopl\u00e1stica &#8211;<\/p>\n<p>3 Entradas E 2 Sa\u00eddas De Ar, Para Uma \u00d3tima Ventila\u00e7\u00e3o Interna<\/p>\n<p>&#8211; Forro Muito Confort\u00e1vel, Remov\u00edvel E Lav\u00e1vel<\/p>\n<p>&#8211; Viseira Max Vision Transparente Em Policarbonato De 2,2mm, Com Prote\u00e7\u00e3o Anti-Risco E Uv<\/p>\n<p>&#8211; Sistema De Troca R\u00e1pida Da Viseira<\/p>\n<p>&#8211; Cinta Jugular Com Engate Microm\u00e9trico<\/p>\n<p>&#8211; Bavete E Narigueira Remov\u00edveis.<br \/>\nTodas as informa\u00e7\u00f5es divulgadas s\u00e3o de responsabilidade do fabricante\/fornecedor.<br \/>\nImagens Meramente Ilustrativas.<\/p>\n","protected":false},"featured_media":9377,"template":"","meta":[],"product_brand":[],"product_cat":[284],"product_tag":[],"class_list":{"0":"post-8197","1":"product","2":"type-product","3":"status-publish","4":"has-post-thumbnail","6":"product_cat-shox","7":"pa_cor-branco","8":"pa_tamanho-60-l","10":"first","11":"instock","12":"shipping-taxable","13":"purchasable","14":"product-type-variable"},"_links":{"self":[{"href":"https:\/\/personalbiker.com.br\/lojapb\/wp-json\/wp\/v2\/product\/8197","targetHints":{"allow":["GET"]}}],"collection":[{"href":"https:\/\/personalbiker.com.br\/lojapb\/wp-json\/wp\/v2\/product"}],"about":[{"href":"https:\/\/personalbiker.com.br\/lojapb\/wp-json\/wp\/v2\/types\/product"}],"wp:featuredmedia":[{"embeddable":true,"href":"https:\/\/personalbiker.com.br\/lojapb\/wp-json\/wp\/v2\/media\/9377"}],"wp:attachment":[{"href":"https:\/\/personalbiker.com.br\/lojapb\/wp-json\/wp\/v2\/media?parent=8197"}],"wp:term":[{"taxonomy":"product_brand","embeddable":true,"href":"https:\/\/personalbiker.com.br\/lojapb\/wp-json\/wp\/v2\/product_brand?post=8197"},{"taxonomy":"product_cat","embeddable":true,"href":"https:\/\/personalbiker.com.br\/lojapb\/wp-json\/wp\/v2\/product_cat?post=8197"},{"taxonomy":"product_tag","embeddable":true,"href":"https:\/\/personalbiker.com.br\/lojapb\/wp-json\/wp\/v2\/product_tag?post=8197"}],"curies":[{"name":"wp","href":"https:\/\/api.w.org\/{rel}","templated":true}]}}