{"id":8182,"date":"2019-08-29T13:11:54","date_gmt":"2019-08-29T16:11:54","guid":{"rendered":"http:\/\/personalbiker.com.br\/lojapb\/?post_type=product&#038;p=8182"},"modified":"2022-08-17T15:36:01","modified_gmt":"2022-08-17T18:36:01","slug":"capacete-shox-mugello-duke-titanium","status":"publish","type":"product","link":"https:\/\/personalbiker.com.br\/lojapb\/produto\/capacete-shox-mugello-duke-titanium\/","title":{"rendered":"Capacete Shox Mugello Duke Titanium\/Orange"},"content":{"rendered":"","protected":false},"excerpt":{"rendered":"<ul>\n<li>Casco moderno e aerodin\u00e2mico em resina termopl\u00e1stica;<\/li>\n<li>3 entradas e 2 sa\u00eddas de ar, para uma \u00f3tima ventila\u00e7\u00e3o interna;<\/li>\n<li>Forro muito confort\u00e1vel, remov\u00edvel e lav\u00e1vel;<\/li>\n<li>Viseira Max Vision transparente em policarbonato de 2,2mm, com prote\u00e7\u00e3o anti-risco e UV;<\/li>\n<li>Viseira pronta para o Sistema Pink Lock;<\/li>\n<li>Sistema de troca r\u00e1pida da viseira;<\/li>\n<li>Cinta jugular com engate microm\u00e9trico;<\/li>\n<li>Bavete e narigueira remov\u00edveis.<\/li>\n<li>IMAGENS MERAMENTE ILUSTRATIVAS<\/li>\n<\/ul>\n","protected":false},"featured_media":9381,"template":"","meta":[],"product_brand":[],"product_cat":[284],"product_tag":[],"class_list":{"0":"post-8182","1":"product","2":"type-product","3":"status-publish","4":"has-post-thumbnail","6":"product_cat-shox","7":"pa_cor-titanium-laranja","8":"pa_tamanho-58m","10":"first","11":"outofstock","12":"shipping-taxable","13":"purchasable","14":"product-type-variable"},"_links":{"self":[{"href":"https:\/\/personalbiker.com.br\/lojapb\/wp-json\/wp\/v2\/product\/8182","targetHints":{"allow":["GET"]}}],"collection":[{"href":"https:\/\/personalbiker.com.br\/lojapb\/wp-json\/wp\/v2\/product"}],"about":[{"href":"https:\/\/personalbiker.com.br\/lojapb\/wp-json\/wp\/v2\/types\/product"}],"wp:featuredmedia":[{"embeddable":true,"href":"https:\/\/personalbiker.com.br\/lojapb\/wp-json\/wp\/v2\/media\/9381"}],"wp:attachment":[{"href":"https:\/\/personalbiker.com.br\/lojapb\/wp-json\/wp\/v2\/media?parent=8182"}],"wp:term":[{"taxonomy":"product_brand","embeddable":true,"href":"https:\/\/personalbiker.com.br\/lojapb\/wp-json\/wp\/v2\/product_brand?post=8182"},{"taxonomy":"product_cat","embeddable":true,"href":"https:\/\/personalbiker.com.br\/lojapb\/wp-json\/wp\/v2\/product_cat?post=8182"},{"taxonomy":"product_tag","embeddable":true,"href":"https:\/\/personalbiker.com.br\/lojapb\/wp-json\/wp\/v2\/product_tag?post=8182"}],"curies":[{"name":"wp","href":"https:\/\/api.w.org\/{rel}","templated":true}]}}