{"id":8174,"date":"2019-08-29T12:57:50","date_gmt":"2019-08-29T15:57:50","guid":{"rendered":"http:\/\/personalbiker.com.br\/lojapb\/?post_type=product&#038;p=8174"},"modified":"2019-12-02T08:29:35","modified_gmt":"2019-12-02T11:29:35","slug":"capacete-shox-mugello-duke-matt","status":"publish","type":"product","link":"https:\/\/personalbiker.com.br\/lojapb\/produto\/capacete-shox-mugello-duke-matt\/","title":{"rendered":"Capacete Shox Mugello Duke Matt preto laranja"},"content":{"rendered":"","protected":false},"excerpt":{"rendered":"<ul>\n<li>Casco moderno e aerodin\u00e2mico em resina termopl\u00e1stica;<\/li>\n<li>3 entradas e 2 sa\u00eddas de ar, para uma \u00f3tima ventila\u00e7\u00e3o interna;<\/li>\n<li>Forro muito confort\u00e1vel, remov\u00edvel e lav\u00e1vel;<\/li>\n<li>Viseira Max Vision transparente em policarbonato de 2,2mm, com prote\u00e7\u00e3o anti-risco e UV;<\/li>\n<li>Viseira pronta para o Sistema Pink Lock;<\/li>\n<li>Sistema de troca r\u00e1pida da viseira;<\/li>\n<li>Cinta jugular com engate microm\u00e9trico;<\/li>\n<li>Bavete e narigueira remov\u00edveis.<\/li>\n<\/ul>\n<p>imagens meramente ilustrativas<\/p>\n","protected":false},"featured_media":9383,"template":"","meta":[],"product_brand":[],"product_cat":[284],"product_tag":[],"class_list":{"0":"post-8174","1":"product","2":"type-product","3":"status-publish","4":"has-post-thumbnail","6":"product_cat-shox","7":"pa_cor-laranja-preto","8":"pa_tamanho-58m","9":"pa_tamanho-60-l","11":"first","12":"instock","13":"shipping-taxable","14":"purchasable","15":"product-type-variable"},"_links":{"self":[{"href":"https:\/\/personalbiker.com.br\/lojapb\/wp-json\/wp\/v2\/product\/8174","targetHints":{"allow":["GET"]}}],"collection":[{"href":"https:\/\/personalbiker.com.br\/lojapb\/wp-json\/wp\/v2\/product"}],"about":[{"href":"https:\/\/personalbiker.com.br\/lojapb\/wp-json\/wp\/v2\/types\/product"}],"wp:featuredmedia":[{"embeddable":true,"href":"https:\/\/personalbiker.com.br\/lojapb\/wp-json\/wp\/v2\/media\/9383"}],"wp:attachment":[{"href":"https:\/\/personalbiker.com.br\/lojapb\/wp-json\/wp\/v2\/media?parent=8174"}],"wp:term":[{"taxonomy":"product_brand","embeddable":true,"href":"https:\/\/personalbiker.com.br\/lojapb\/wp-json\/wp\/v2\/product_brand?post=8174"},{"taxonomy":"product_cat","embeddable":true,"href":"https:\/\/personalbiker.com.br\/lojapb\/wp-json\/wp\/v2\/product_cat?post=8174"},{"taxonomy":"product_tag","embeddable":true,"href":"https:\/\/personalbiker.com.br\/lojapb\/wp-json\/wp\/v2\/product_tag?post=8174"}],"curies":[{"name":"wp","href":"https:\/\/api.w.org\/{rel}","templated":true}]}}