{"id":8168,"date":"2019-08-29T11:57:29","date_gmt":"2019-08-29T14:57:29","guid":{"rendered":"http:\/\/personalbiker.com.br\/lojapb\/?post_type=product&#038;p=8168"},"modified":"2022-08-22T14:45:48","modified_gmt":"2022-08-22T17:45:48","slug":"motul-e4-perfect-seat-protetor-e-limpador-de-banco","status":"publish","type":"product","link":"https:\/\/personalbiker.com.br\/lojapb\/produto\/motul-e4-perfect-seat-protetor-e-limpador-de-banco\/","title":{"rendered":"Motul E4 Perfect Seat Protetor e Limpador de banco"},"content":{"rendered":"","protected":false},"excerpt":{"rendered":"<p>Poderoso limpador e restaurador para todos os assentos de vinil. F\u00f3rmula antiderrapante. Prote\u00e7\u00e3o UV que impede o assento desbote.<\/p>\n<p>* Powersport = Termo que define: Moto, UTV, ATV, Jetsk e Aeromodelismo.<\/p>\n<p>Cuidado Externo Motul, para um acabamento perfeito, existem 11 produtos Motul para limpar e proteger todas as superf\u00edcies externas da sua moto, motocicletas, UTV, ATV, Jetsk e Aeromodelismo . Cada um formulado para garantir a efici\u00eancia sem esfor\u00e7o na aplica\u00e7\u00e3o.<\/p>\n<p>imagens meramente ilustrativas<\/p>\n","protected":false},"featured_media":8169,"template":"","meta":[],"product_brand":[],"product_cat":[24],"product_tag":[],"class_list":{"0":"post-8168","1":"product","2":"type-product","3":"status-publish","4":"has-post-thumbnail","6":"product_cat-oleos-lubrificantes","8":"first","9":"instock","10":"shipping-taxable","11":"purchasable","12":"product-type-simple"},"_links":{"self":[{"href":"https:\/\/personalbiker.com.br\/lojapb\/wp-json\/wp\/v2\/product\/8168","targetHints":{"allow":["GET"]}}],"collection":[{"href":"https:\/\/personalbiker.com.br\/lojapb\/wp-json\/wp\/v2\/product"}],"about":[{"href":"https:\/\/personalbiker.com.br\/lojapb\/wp-json\/wp\/v2\/types\/product"}],"wp:featuredmedia":[{"embeddable":true,"href":"https:\/\/personalbiker.com.br\/lojapb\/wp-json\/wp\/v2\/media\/8169"}],"wp:attachment":[{"href":"https:\/\/personalbiker.com.br\/lojapb\/wp-json\/wp\/v2\/media?parent=8168"}],"wp:term":[{"taxonomy":"product_brand","embeddable":true,"href":"https:\/\/personalbiker.com.br\/lojapb\/wp-json\/wp\/v2\/product_brand?post=8168"},{"taxonomy":"product_cat","embeddable":true,"href":"https:\/\/personalbiker.com.br\/lojapb\/wp-json\/wp\/v2\/product_cat?post=8168"},{"taxonomy":"product_tag","embeddable":true,"href":"https:\/\/personalbiker.com.br\/lojapb\/wp-json\/wp\/v2\/product_tag?post=8168"}],"curies":[{"name":"wp","href":"https:\/\/api.w.org\/{rel}","templated":true}]}}