{"id":8162,"date":"2019-08-29T11:43:30","date_gmt":"2019-08-29T14:43:30","guid":{"rendered":"http:\/\/personalbiker.com.br\/lojapb\/?post_type=product&#038;p=8162"},"modified":"2024-08-09T09:18:34","modified_gmt":"2024-08-09T12:18:34","slug":"reparador-pneu-motul-p3","status":"publish","type":"product","link":"https:\/\/personalbiker.com.br\/lojapb\/produto\/reparador-pneu-motul-p3\/","title":{"rendered":"Reparador Pneu MOTUL P3"},"content":{"rendered":"","protected":false},"excerpt":{"rendered":"<p>Aplica\u00e7\u00e3o: MANUTEN\u00c7\u00c3O E PROTE\u00c7\u00c3O<br \/>\nRela\u00e7\u00e3o de produtos: GAMA MOTO, GAMA SCOOTER, LAZER<br \/>\nEmbalagens: 300 ML<\/p>\n<p>Remova o lacre da embalagem. Conecte o aplicador da embalagem do produto \u00e0 v\u00e1lvula. Posicione a embalagem de cabe\u00e7a para baixo. Pressione o acionador do frasco totalmente at\u00e9 que o pneu esteja cheio novamente. Dirija imediatamente por 10 a 20 Km em baixa velocidade para total distribui\u00e7\u00e3o do produto dentro do pneu. Calibre o pneu t\u00e3o logo seja poss\u00edvel e nos dias posteriores (antes do reparo convencional do pneu).Voc\u00ea poder\u00e1 dirigir com confian\u00e7a por muitos quil\u00f4metros antes da repara\u00e7\u00e3o convencional do pneu.<\/p>\n<p>&nbsp;<\/p>\n<p>imagens meramente ilustrativas<\/p>\n","protected":false},"featured_media":8163,"template":"","meta":[],"product_brand":[],"product_cat":[24],"product_tag":[],"class_list":{"0":"post-8162","1":"product","2":"type-product","3":"status-publish","4":"has-post-thumbnail","6":"product_cat-oleos-lubrificantes","8":"first","9":"outofstock","10":"shipping-taxable","11":"purchasable","12":"product-type-simple"},"_links":{"self":[{"href":"https:\/\/personalbiker.com.br\/lojapb\/wp-json\/wp\/v2\/product\/8162","targetHints":{"allow":["GET"]}}],"collection":[{"href":"https:\/\/personalbiker.com.br\/lojapb\/wp-json\/wp\/v2\/product"}],"about":[{"href":"https:\/\/personalbiker.com.br\/lojapb\/wp-json\/wp\/v2\/types\/product"}],"wp:featuredmedia":[{"embeddable":true,"href":"https:\/\/personalbiker.com.br\/lojapb\/wp-json\/wp\/v2\/media\/8163"}],"wp:attachment":[{"href":"https:\/\/personalbiker.com.br\/lojapb\/wp-json\/wp\/v2\/media?parent=8162"}],"wp:term":[{"taxonomy":"product_brand","embeddable":true,"href":"https:\/\/personalbiker.com.br\/lojapb\/wp-json\/wp\/v2\/product_brand?post=8162"},{"taxonomy":"product_cat","embeddable":true,"href":"https:\/\/personalbiker.com.br\/lojapb\/wp-json\/wp\/v2\/product_cat?post=8162"},{"taxonomy":"product_tag","embeddable":true,"href":"https:\/\/personalbiker.com.br\/lojapb\/wp-json\/wp\/v2\/product_tag?post=8162"}],"curies":[{"name":"wp","href":"https:\/\/api.w.org\/{rel}","templated":true}]}}