{"id":8144,"date":"2019-08-27T17:39:15","date_gmt":"2019-08-27T20:39:15","guid":{"rendered":"http:\/\/personalbiker.com.br\/lojapb\/?post_type=product&#038;p=8144"},"modified":"2020-07-27T10:40:17","modified_gmt":"2020-07-27T13:40:17","slug":"espelho-bicicleta-p-capacetes-elleven","status":"publish","type":"product","link":"https:\/\/personalbiker.com.br\/lojapb\/produto\/espelho-bicicleta-p-capacetes-elleven\/","title":{"rendered":"Espelho Bicicleta p\/ Capacetes  Elleven"},"content":{"rendered":"","protected":false},"excerpt":{"rendered":"<p>Espelho retrovisor para capacete de ciclistas com lente convexa de 3,5 cm de di\u00e2metro, com bra\u00e7o expans\u00edvel de ajuste preciso de 360\u00b0, marca Elleven.<\/p>\n<p>Lente Convexa, com ajuste de posi\u00e7\u00e3o<br \/>\nBra\u00e7o Expansivo, ajuste preciso<br \/>\nAjust\u00e1vel em 360\u00ba<br \/>\nF\u00e1cil Instala\u00e7\u00e3o \/ Dispensa Ferramentas<br \/>\nPode ser instalado tanto no lado esquerdo ou direito<br \/>\nEspelho Di\u00e2metro: 3,5 cm<br \/>\nQualidade Elleven<\/p>\n<p>imagens meramente ilustrativas<\/p>\n","protected":false},"featured_media":8145,"template":"","meta":[],"product_brand":[],"product_cat":[38],"product_tag":[],"class_list":{"0":"post-8144","1":"product","2":"type-product","3":"status-publish","4":"has-post-thumbnail","6":"product_cat-acessorios-capacetes","8":"first","9":"instock","10":"shipping-taxable","11":"purchasable","12":"product-type-simple"},"_links":{"self":[{"href":"https:\/\/personalbiker.com.br\/lojapb\/wp-json\/wp\/v2\/product\/8144","targetHints":{"allow":["GET"]}}],"collection":[{"href":"https:\/\/personalbiker.com.br\/lojapb\/wp-json\/wp\/v2\/product"}],"about":[{"href":"https:\/\/personalbiker.com.br\/lojapb\/wp-json\/wp\/v2\/types\/product"}],"wp:featuredmedia":[{"embeddable":true,"href":"https:\/\/personalbiker.com.br\/lojapb\/wp-json\/wp\/v2\/media\/8145"}],"wp:attachment":[{"href":"https:\/\/personalbiker.com.br\/lojapb\/wp-json\/wp\/v2\/media?parent=8144"}],"wp:term":[{"taxonomy":"product_brand","embeddable":true,"href":"https:\/\/personalbiker.com.br\/lojapb\/wp-json\/wp\/v2\/product_brand?post=8144"},{"taxonomy":"product_cat","embeddable":true,"href":"https:\/\/personalbiker.com.br\/lojapb\/wp-json\/wp\/v2\/product_cat?post=8144"},{"taxonomy":"product_tag","embeddable":true,"href":"https:\/\/personalbiker.com.br\/lojapb\/wp-json\/wp\/v2\/product_tag?post=8144"}],"curies":[{"name":"wp","href":"https:\/\/api.w.org\/{rel}","templated":true}]}}