{"id":8129,"date":"2019-08-27T13:39:18","date_gmt":"2019-08-27T16:39:18","guid":{"rendered":"http:\/\/personalbiker.com.br\/lojapb\/?post_type=product&#038;p=8129"},"modified":"2019-08-27T13:42:31","modified_gmt":"2019-08-27T16:42:31","slug":"cinta-abdominal-pro-tork-preta","status":"publish","type":"product","link":"https:\/\/personalbiker.com.br\/lojapb\/produto\/cinta-abdominal-pro-tork-preta\/","title":{"rendered":"Cinta Abdominal Pro Tork Preta\u00a0"},"content":{"rendered":"","protected":false},"excerpt":{"rendered":"<p>Cinta Abdominal Pro Tork Preta<\/p>\n<p>A Cinta Abdominal Pro Tork fornece suporte para o dorso protegendo a cintura.<\/p>\n<p>Muito resistente, ela \u00e9 composta de pl\u00e1sticos articulados, com forra\u00e7\u00e3o interna, \u00f3timo sistema de ventila\u00e7\u00e3o e ajuste perfeito ao corpo, proporcionando maior liberdade dos movimentos e conforto.<\/p>\n<p>Vem com sistema de fechamento com regulagem em el\u00e1stico e velcro. Ideal para o motocross, enduro, trilhas e cross-country, a Cinta Abdominal Pro Tork permite que voc\u00ea tenha maior seguran\u00e7a para alto desempenho.<\/p>\n<p>Tamanhos aproximado em circunfer\u00eancia da cintura:<\/p>\n<p>P- M\u00ednimo 80 cm e M\u00e1ximo 96 cm;<br \/>\nM- M\u00ednimo 86 cm e M\u00e1ximo 100 cm;<br \/>\nG- M\u00ednimo 90 cm e M\u00e1ximo 102 cm;<br \/>\nGG- M\u00ednimo 94 cm e M\u00e1ximo 106 cm.<\/p>\n<p>imagens meramente ilustrativas<\/p>\n","protected":false},"featured_media":8130,"template":"","meta":[],"product_brand":[],"product_cat":[260],"product_tag":[],"class_list":{"0":"post-8129","1":"product","2":"type-product","3":"status-publish","4":"has-post-thumbnail","6":"product_cat-bolsa-pochetes-acessorios","7":"pa_cor-preto","8":"pa_tamanho-m","10":"first","11":"instock","12":"shipping-taxable","13":"purchasable","14":"product-type-variable"},"_links":{"self":[{"href":"https:\/\/personalbiker.com.br\/lojapb\/wp-json\/wp\/v2\/product\/8129","targetHints":{"allow":["GET"]}}],"collection":[{"href":"https:\/\/personalbiker.com.br\/lojapb\/wp-json\/wp\/v2\/product"}],"about":[{"href":"https:\/\/personalbiker.com.br\/lojapb\/wp-json\/wp\/v2\/types\/product"}],"wp:featuredmedia":[{"embeddable":true,"href":"https:\/\/personalbiker.com.br\/lojapb\/wp-json\/wp\/v2\/media\/8130"}],"wp:attachment":[{"href":"https:\/\/personalbiker.com.br\/lojapb\/wp-json\/wp\/v2\/media?parent=8129"}],"wp:term":[{"taxonomy":"product_brand","embeddable":true,"href":"https:\/\/personalbiker.com.br\/lojapb\/wp-json\/wp\/v2\/product_brand?post=8129"},{"taxonomy":"product_cat","embeddable":true,"href":"https:\/\/personalbiker.com.br\/lojapb\/wp-json\/wp\/v2\/product_cat?post=8129"},{"taxonomy":"product_tag","embeddable":true,"href":"https:\/\/personalbiker.com.br\/lojapb\/wp-json\/wp\/v2\/product_tag?post=8129"}],"curies":[{"name":"wp","href":"https:\/\/api.w.org\/{rel}","templated":true}]}}