{"id":8049,"date":"2019-08-22T11:05:41","date_gmt":"2019-08-22T14:05:41","guid":{"rendered":"http:\/\/personalbiker.com.br\/lojapb\/?post_type=product&#038;p=8049"},"modified":"2019-09-06T08:26:00","modified_gmt":"2019-09-06T11:26:00","slug":"bicicleta-infantil-track-bikes-dino-neon-aro-16-semi-nova","status":"publish","type":"product","link":"https:\/\/personalbiker.com.br\/lojapb\/produto\/bicicleta-infantil-track-bikes-dino-neon-aro-16-semi-nova\/","title":{"rendered":"Bicicleta Infantil Track Bikes Dino Neon Aro 16 SEMI NOVA"},"content":{"rendered":"","protected":false},"excerpt":{"rendered":"<p>A Bicicleta Infantil aro 16 Dino Neon apresenta a mais nova tend\u00eancia de cores no mercado.<br \/>\nAs chamadas cores c\u00edtricas ou neon.<br \/>\nAl\u00e9m disso, esse modelo de bicicleta oferece freios V-brake que para a crian\u00e7a dessa idade s\u00e3o os mais indicados<br \/>\ne f\u00e1ceis de acionar, pois s\u00e3o mais flex\u00edveis. Tem tamb\u00e9m um novo modelo de aro com 12 pontas<br \/>\nque proporciona maior durabilidade ao produto, al\u00e9m de deix\u00e1-lo mais bonito.<\/p>\n<p>N\u00famero de Marchas :\u00a0 N\u00e3o possui marcha<\/p>\n<p>Material do Quadro : a\u00e7o Carbono<\/p>\n<p>COM\u00a0 RODINHAS LATERAIS<\/p>\n<p>Freio : freios V-brake<\/p>\n<p>Imagem meramente ilustrativa<\/p>\n","protected":false},"featured_media":8051,"template":"","meta":[],"product_brand":[],"product_cat":[282],"product_tag":[],"class_list":{"0":"post-8049","1":"product","2":"type-product","3":"status-publish","4":"has-post-thumbnail","6":"product_cat-bicicleta-infantil","8":"first","9":"outofstock","10":"shipping-taxable","11":"purchasable","12":"product-type-simple"},"_links":{"self":[{"href":"https:\/\/personalbiker.com.br\/lojapb\/wp-json\/wp\/v2\/product\/8049","targetHints":{"allow":["GET"]}}],"collection":[{"href":"https:\/\/personalbiker.com.br\/lojapb\/wp-json\/wp\/v2\/product"}],"about":[{"href":"https:\/\/personalbiker.com.br\/lojapb\/wp-json\/wp\/v2\/types\/product"}],"wp:featuredmedia":[{"embeddable":true,"href":"https:\/\/personalbiker.com.br\/lojapb\/wp-json\/wp\/v2\/media\/8051"}],"wp:attachment":[{"href":"https:\/\/personalbiker.com.br\/lojapb\/wp-json\/wp\/v2\/media?parent=8049"}],"wp:term":[{"taxonomy":"product_brand","embeddable":true,"href":"https:\/\/personalbiker.com.br\/lojapb\/wp-json\/wp\/v2\/product_brand?post=8049"},{"taxonomy":"product_cat","embeddable":true,"href":"https:\/\/personalbiker.com.br\/lojapb\/wp-json\/wp\/v2\/product_cat?post=8049"},{"taxonomy":"product_tag","embeddable":true,"href":"https:\/\/personalbiker.com.br\/lojapb\/wp-json\/wp\/v2\/product_tag?post=8049"}],"curies":[{"name":"wp","href":"https:\/\/api.w.org\/{rel}","templated":true}]}}