{"id":8026,"date":"2019-08-21T16:08:32","date_gmt":"2019-08-21T19:08:32","guid":{"rendered":"http:\/\/personalbiker.com.br\/lojapb\/?post_type=product&#038;p=8026"},"modified":"2022-01-11T08:16:57","modified_gmt":"2022-01-11T11:16:57","slug":"cadeirinha-carona-dianteira-para-bicicleta","status":"publish","type":"product","link":"https:\/\/personalbiker.com.br\/lojapb\/produto\/cadeirinha-carona-dianteira-para-bicicleta\/","title":{"rendered":"Cadeirinha Carona dianteira Fit  para Bicicleta"},"content":{"rendered":"","protected":false},"excerpt":{"rendered":"<p>Com regulagem para ajuste na bicicleta.<br \/>\n&#8211; Possui guid\u00e3ozinho. Assim a crian\u00e7a tem a sensa\u00e7\u00e3o de ajudar na dire\u00e7\u00e3o.<br \/>\n&#8211; Acompanha cinto de seguran\u00e7a e acento anat\u00f4mico.<br \/>\n&#8211; Para crian\u00e7as a partir de 10 meses de idade.<br \/>\n&#8211; Peso m\u00e1ximo permitido: 20kg.<br \/>\n&#8211; Altura m\u00e1xima permitida: 90cm.<br \/>\n&#8211; Adapt\u00e1vel tamb\u00e9m em guid\u00f5es 31.8mm.<\/p>\n<p>imagens meramente ilustrativas<\/p>\n","protected":false},"featured_media":8035,"template":"","meta":[],"product_brand":[],"product_cat":[281],"product_tag":[],"class_list":{"0":"post-8026","1":"product","2":"type-product","3":"status-publish","4":"has-post-thumbnail","6":"product_cat-cadeirinha-infantil-p-bikes","8":"first","9":"instock","10":"shipping-taxable","11":"purchasable","12":"product-type-simple"},"_links":{"self":[{"href":"https:\/\/personalbiker.com.br\/lojapb\/wp-json\/wp\/v2\/product\/8026","targetHints":{"allow":["GET"]}}],"collection":[{"href":"https:\/\/personalbiker.com.br\/lojapb\/wp-json\/wp\/v2\/product"}],"about":[{"href":"https:\/\/personalbiker.com.br\/lojapb\/wp-json\/wp\/v2\/types\/product"}],"wp:featuredmedia":[{"embeddable":true,"href":"https:\/\/personalbiker.com.br\/lojapb\/wp-json\/wp\/v2\/media\/8035"}],"wp:attachment":[{"href":"https:\/\/personalbiker.com.br\/lojapb\/wp-json\/wp\/v2\/media?parent=8026"}],"wp:term":[{"taxonomy":"product_brand","embeddable":true,"href":"https:\/\/personalbiker.com.br\/lojapb\/wp-json\/wp\/v2\/product_brand?post=8026"},{"taxonomy":"product_cat","embeddable":true,"href":"https:\/\/personalbiker.com.br\/lojapb\/wp-json\/wp\/v2\/product_cat?post=8026"},{"taxonomy":"product_tag","embeddable":true,"href":"https:\/\/personalbiker.com.br\/lojapb\/wp-json\/wp\/v2\/product_tag?post=8026"}],"curies":[{"name":"wp","href":"https:\/\/api.w.org\/{rel}","templated":true}]}}