{"id":7952,"date":"2019-08-19T10:57:29","date_gmt":"2019-08-19T13:57:29","guid":{"rendered":"http:\/\/personalbiker.com.br\/lojapb\/?post_type=product&#038;p=7952"},"modified":"2021-03-18T11:36:24","modified_gmt":"2021-03-18T14:36:24","slug":"pelicula-sky-anti-embacante","status":"publish","type":"product","link":"https:\/\/personalbiker.com.br\/lojapb\/produto\/pelicula-sky-anti-embacante\/","title":{"rendered":"Pel\u00edcula Sky anti-emba\u00e7ante"},"content":{"rendered":"","protected":false},"excerpt":{"rendered":"<p>Voc\u00ea acha que emba\u00e7ar sua viseira \u00e9 um problema? Aqui est\u00e1 mais uma op\u00e7\u00e3o o novo anti Fog<\/p>\n<p>Pelicula Anti-Emba\u00e7ante Sky, \u00e9 uma pel\u00edcula universal em adesivo para ser utilizado em qualquer capacete que possui uma viseira tornando sua pilotagem mais segura com vis\u00e3o ampla. Em uni\u00e3o com a viseira aplicada na parte interna cria uma bolha de ar entre a pelicula e a viseira fazendo com que o ar quente da parte interna do capacete n\u00e3o choque com o fluxo de ar externo da viseira que \u00e9 o causador do emba\u00e7amento colocando em risco sua pilotagem durante os dias frios ou chuvosos.<\/p>\n<p>Leve e resistente possui um pl\u00e1stico que protege a \u00e1rea com cola para a aplica\u00e7\u00e3o da pelicula. Tornando livre de manuten\u00e7\u00e3o, pois ao ficar na parte interna do capacete fica livre de insetos e arranh\u00f5es. A Pel\u00edcula Anti-Emba\u00e7ante Sky \u00e9 totalmente transparente, n\u00e3o trazendo nenhuma altera\u00e7\u00e3o no campo de vis\u00e3o do piloto, aumentando sua seguran\u00e7a e seu conforto em cima da moto.<\/p>\n<p>Caracter\u00edsticas.<\/p>\n<p>&#8211; Pel\u00edcula adesiva em formato universal serve em viseiras padr\u00e3o;<br \/>\n&#8211; Cor transparente;<br \/>\n&#8211; Fita adesiva moldada na pel\u00edcula \u00e9 opticamente transparente;<br \/>\n&#8211; Cont\u00e9m uma pel\u00edcula por embalagem;<br \/>\n&#8211; Limpe a parte interna da sua viseira para aplica\u00e7\u00e3o ser mais precisa e eficaz;<br \/>\n&#8211; Por ser de \u00fanica aplica\u00e7\u00e3o n\u00e3o necessita manuten\u00e7\u00e3o, somente limpeza de costume.<\/p>\n<p>*Viseira n\u00e3o inclusa. Imagem meramente ilustrativa constando apenas na embalagem deste produto a pel\u00edcula antiemba\u00e7ante SKY.<\/p>\n","protected":false},"featured_media":7953,"template":"","meta":[],"product_brand":[],"product_cat":[38],"product_tag":[],"class_list":{"0":"post-7952","1":"product","2":"type-product","3":"status-publish","4":"has-post-thumbnail","6":"product_cat-acessorios-capacetes","8":"first","9":"outofstock","10":"shipping-taxable","11":"purchasable","12":"product-type-simple"},"_links":{"self":[{"href":"https:\/\/personalbiker.com.br\/lojapb\/wp-json\/wp\/v2\/product\/7952","targetHints":{"allow":["GET"]}}],"collection":[{"href":"https:\/\/personalbiker.com.br\/lojapb\/wp-json\/wp\/v2\/product"}],"about":[{"href":"https:\/\/personalbiker.com.br\/lojapb\/wp-json\/wp\/v2\/types\/product"}],"wp:featuredmedia":[{"embeddable":true,"href":"https:\/\/personalbiker.com.br\/lojapb\/wp-json\/wp\/v2\/media\/7953"}],"wp:attachment":[{"href":"https:\/\/personalbiker.com.br\/lojapb\/wp-json\/wp\/v2\/media?parent=7952"}],"wp:term":[{"taxonomy":"product_brand","embeddable":true,"href":"https:\/\/personalbiker.com.br\/lojapb\/wp-json\/wp\/v2\/product_brand?post=7952"},{"taxonomy":"product_cat","embeddable":true,"href":"https:\/\/personalbiker.com.br\/lojapb\/wp-json\/wp\/v2\/product_cat?post=7952"},{"taxonomy":"product_tag","embeddable":true,"href":"https:\/\/personalbiker.com.br\/lojapb\/wp-json\/wp\/v2\/product_tag?post=7952"}],"curies":[{"name":"wp","href":"https:\/\/api.w.org\/{rel}","templated":true}]}}