{"id":7850,"date":"2019-08-09T15:13:10","date_gmt":"2019-08-09T18:13:10","guid":{"rendered":"http:\/\/personalbiker.com.br\/lojapb\/?post_type=product&#038;p=7850"},"modified":"2019-12-02T08:41:39","modified_gmt":"2019-12-02T11:41:39","slug":"oculos-goggles-sky-black-vintage","status":"publish","type":"product","link":"https:\/\/personalbiker.com.br\/lojapb\/produto\/oculos-goggles-sky-black-vintage\/","title":{"rendered":"\u00f3culos Goggles SKY BLACK VINTAGE"},"content":{"rendered":"","protected":false},"excerpt":{"rendered":"<p>Estilo retro, usado para andar de motocicletas com capacetes abertos.<br \/>\nVIS\u00c3O AMPLA COM \u00d3TIMA PROTE\u00c7\u00c3O PARA SEUS OLHOS<\/p>\n<p>Descri\u00e7\u00e3o:<br \/>\n1. \u00d3culos muito confort\u00e1vel, leve feito de material ABS.<br \/>\n2. Estofamento em couro sint\u00e9tico resistente.<br \/>\n3. Faixa ajust\u00e1vel adequado para todos os tamanhos.<br \/>\n4. Prote\u00e7\u00e3o UV 400.<br \/>\n5. Anti-riscos e anti-emba\u00e7ante.<br \/>\n6. Excelente acabamento.<br \/>\n7. Espuma costurada na moldura, n\u00e3o descola.<br \/>\n8. Lente transparante.<\/p>\n<p>imagens meramente ilustrativas<\/p>\n","protected":false},"featured_media":9385,"template":"","meta":[],"product_brand":[],"product_cat":[277],"product_tag":[],"class_list":{"0":"post-7850","1":"product","2":"type-product","3":"status-publish","4":"has-post-thumbnail","6":"product_cat-oculos","8":"first","9":"instock","10":"shipping-taxable","11":"purchasable","12":"product-type-simple"},"_links":{"self":[{"href":"https:\/\/personalbiker.com.br\/lojapb\/wp-json\/wp\/v2\/product\/7850","targetHints":{"allow":["GET"]}}],"collection":[{"href":"https:\/\/personalbiker.com.br\/lojapb\/wp-json\/wp\/v2\/product"}],"about":[{"href":"https:\/\/personalbiker.com.br\/lojapb\/wp-json\/wp\/v2\/types\/product"}],"wp:featuredmedia":[{"embeddable":true,"href":"https:\/\/personalbiker.com.br\/lojapb\/wp-json\/wp\/v2\/media\/9385"}],"wp:attachment":[{"href":"https:\/\/personalbiker.com.br\/lojapb\/wp-json\/wp\/v2\/media?parent=7850"}],"wp:term":[{"taxonomy":"product_brand","embeddable":true,"href":"https:\/\/personalbiker.com.br\/lojapb\/wp-json\/wp\/v2\/product_brand?post=7850"},{"taxonomy":"product_cat","embeddable":true,"href":"https:\/\/personalbiker.com.br\/lojapb\/wp-json\/wp\/v2\/product_cat?post=7850"},{"taxonomy":"product_tag","embeddable":true,"href":"https:\/\/personalbiker.com.br\/lojapb\/wp-json\/wp\/v2\/product_tag?post=7850"}],"curies":[{"name":"wp","href":"https:\/\/api.w.org\/{rel}","templated":true}]}}