{"id":7802,"date":"2019-08-09T10:32:06","date_gmt":"2019-08-09T13:32:06","guid":{"rendered":"http:\/\/personalbiker.com.br\/lojapb\/?post_type=product&#038;p=7802"},"modified":"2021-07-09T13:49:21","modified_gmt":"2021-07-09T16:49:21","slug":"pneu-bicicleta-26-1-75-excess-ex","status":"publish","type":"product","link":"https:\/\/personalbiker.com.br\/lojapb\/produto\/pneu-bicicleta-26-1-75-excess-ex\/","title":{"rendered":"Pneu Bicicleta 26 1.75 EXCESS EX"},"content":{"rendered":"","protected":false},"excerpt":{"rendered":"<p>Pneu Levorin Excess EX 26 x 1.75<\/p>\n<p>&#8211; Marca: Levorin<br \/>\n&#8211; Modelo: Excess EX (Borrachudo)<br \/>\n&#8211; Medida: 26&#215;1.75 (44-559)<br \/>\n&#8211; Modalidade: Projetado p\/ andar em qualquer tipo de terreno.<br \/>\n&#8211; Cor: Preto<br \/>\n&#8211; M\u00e1xima Infla\u00e7\u00e3o: 36 PSI.<br \/>\n&#8211; Peso do pneu: 720 gramas<br \/>\n&#8211; Valor referente \u00e0 unidade<\/p>\n<p>imagens meramente ilustrativas<\/p>\n<p>n\u00e3o acompanha o aro\u00a0 somente o Pneu<\/p>\n","protected":false},"featured_media":7803,"template":"","meta":[],"product_brand":[],"product_cat":[276],"product_tag":[],"class_list":{"0":"post-7802","1":"product","2":"type-product","3":"status-publish","4":"has-post-thumbnail","6":"product_cat-pneu-bicicleta","8":"first","9":"outofstock","10":"shipping-taxable","11":"purchasable","12":"product-type-simple"},"_links":{"self":[{"href":"https:\/\/personalbiker.com.br\/lojapb\/wp-json\/wp\/v2\/product\/7802","targetHints":{"allow":["GET"]}}],"collection":[{"href":"https:\/\/personalbiker.com.br\/lojapb\/wp-json\/wp\/v2\/product"}],"about":[{"href":"https:\/\/personalbiker.com.br\/lojapb\/wp-json\/wp\/v2\/types\/product"}],"wp:featuredmedia":[{"embeddable":true,"href":"https:\/\/personalbiker.com.br\/lojapb\/wp-json\/wp\/v2\/media\/7803"}],"wp:attachment":[{"href":"https:\/\/personalbiker.com.br\/lojapb\/wp-json\/wp\/v2\/media?parent=7802"}],"wp:term":[{"taxonomy":"product_brand","embeddable":true,"href":"https:\/\/personalbiker.com.br\/lojapb\/wp-json\/wp\/v2\/product_brand?post=7802"},{"taxonomy":"product_cat","embeddable":true,"href":"https:\/\/personalbiker.com.br\/lojapb\/wp-json\/wp\/v2\/product_cat?post=7802"},{"taxonomy":"product_tag","embeddable":true,"href":"https:\/\/personalbiker.com.br\/lojapb\/wp-json\/wp\/v2\/product_tag?post=7802"}],"curies":[{"name":"wp","href":"https:\/\/api.w.org\/{rel}","templated":true}]}}