{"id":7790,"date":"2019-08-09T10:02:12","date_gmt":"2019-08-09T13:02:12","guid":{"rendered":"http:\/\/personalbiker.com.br\/lojapb\/?post_type=product&#038;p=7790"},"modified":"2022-08-22T15:54:17","modified_gmt":"2022-08-22T18:54:17","slug":"pneu-bicicleta-26-x1-1-2x2-convencional-vereda","status":"publish","type":"product","link":"https:\/\/personalbiker.com.br\/lojapb\/produto\/pneu-bicicleta-26-x1-1-2x2-convencional-vereda\/","title":{"rendered":"Pneu Bicicleta 26 X1.1\/2&#215;2 convencional Vereda"},"content":{"rendered":"","protected":false},"excerpt":{"rendered":"<p>Pneu 26&#215;1.1\/2&#215;2 Levorin Vereda, desenvolvido para bicicletas caloi barraforte e monark barra circular, este pneu \u00e9 ideal para o transporte di\u00e1rio. Oferece m\u00e1xima resist\u00eancia, durabilidade e conforto ao pedalar. Pneu para bicicleta para aro 26 de baixo custo com a qualidade Levorin. Seu desenho de rodagem exclusivo proporciona maior resist\u00eancia ao rolamento. Tecnologia associada a um composto especialmente formulado para garantir maior ader\u00eancia. Fabricado com borracha de alta qualidade.Verifique se esse modelo de pneu \u00e9 compat\u00edvel com sua bicicleta.<\/p>\n<p>Especifica\u00e7\u00f5es:<\/p>\n<p>Marca: Levorin<\/p>\n<p>Modelo: Vereda<\/p>\n<p>Capacidade de inflagem 60 PSI.<\/p>\n<p>Tamanho 50-584.<\/p>\n<p>Medidas 26 x 1.1\/2X2 LEVORIN<\/p>\n<p>Tal\u00e3o: Arame<\/p>\n<p>IMAGENS MERAMENTE ILUSTRATIVAS<\/p>\n<p>N\u00c3O ACOMPANHA OS RAIOS<\/p>\n","protected":false},"featured_media":7791,"template":"","meta":[],"product_brand":[],"product_cat":[276],"product_tag":[],"class_list":{"0":"post-7790","1":"product","2":"type-product","3":"status-publish","4":"has-post-thumbnail","6":"product_cat-pneu-bicicleta","8":"first","9":"instock","10":"shipping-taxable","11":"purchasable","12":"product-type-simple"},"_links":{"self":[{"href":"https:\/\/personalbiker.com.br\/lojapb\/wp-json\/wp\/v2\/product\/7790","targetHints":{"allow":["GET"]}}],"collection":[{"href":"https:\/\/personalbiker.com.br\/lojapb\/wp-json\/wp\/v2\/product"}],"about":[{"href":"https:\/\/personalbiker.com.br\/lojapb\/wp-json\/wp\/v2\/types\/product"}],"wp:featuredmedia":[{"embeddable":true,"href":"https:\/\/personalbiker.com.br\/lojapb\/wp-json\/wp\/v2\/media\/7791"}],"wp:attachment":[{"href":"https:\/\/personalbiker.com.br\/lojapb\/wp-json\/wp\/v2\/media?parent=7790"}],"wp:term":[{"taxonomy":"product_brand","embeddable":true,"href":"https:\/\/personalbiker.com.br\/lojapb\/wp-json\/wp\/v2\/product_brand?post=7790"},{"taxonomy":"product_cat","embeddable":true,"href":"https:\/\/personalbiker.com.br\/lojapb\/wp-json\/wp\/v2\/product_cat?post=7790"},{"taxonomy":"product_tag","embeddable":true,"href":"https:\/\/personalbiker.com.br\/lojapb\/wp-json\/wp\/v2\/product_tag?post=7790"}],"curies":[{"name":"wp","href":"https:\/\/api.w.org\/{rel}","templated":true}]}}