{"id":7785,"date":"2019-08-08T17:00:51","date_gmt":"2019-08-08T20:00:51","guid":{"rendered":"http:\/\/personalbiker.com.br\/lojapb\/?post_type=product&#038;p=7785"},"modified":"2021-07-09T13:53:55","modified_gmt":"2021-07-09T16:53:55","slug":"pneu-bicicleta-24-x1-95-praieiro","status":"publish","type":"product","link":"https:\/\/personalbiker.com.br\/lojapb\/produto\/pneu-bicicleta-24-x1-95-praieiro\/","title":{"rendered":"Pneu Bicicleta 24 X1.95 PRAIEIRO"},"content":{"rendered":"","protected":false},"excerpt":{"rendered":"<p>Pneu Bicicleta 24&#215;1.95 Praieiro Levorin Pneu Bicicleta 24&#215;1.95 Levorin Praieiro, possui o alinhamento e formato de seus blocos centrais e laterais para proporcionar maior tra\u00e7\u00e3o em pisos mistos, oferecendo excelente custo-benef\u00edcio.<\/p>\n<p>Indica\u00e7\u00f5es de Uso:Uso Urbano Estradas de Terras Especifica\u00e7\u00f5es:- Marca: Levorin- Modelo: Praieiro- Medida: 24&#215;1.95- Compat\u00edvel com aro 24- Utiliza c\u00e2maras de ar aro 24 do tipo bal\u00e3o- Garantia: 3 meses<\/p>\n<p>Medidas Embalagem: 15 x 15 x 39\u00a0 Peso: 5 kg<\/p>\n<p>IMAGENS MERAMENTE ILUSTRATIVAS<\/p>\n","protected":false},"featured_media":7786,"template":"","meta":[],"product_brand":[],"product_cat":[276],"product_tag":[],"class_list":{"0":"post-7785","1":"product","2":"type-product","3":"status-publish","4":"has-post-thumbnail","6":"product_cat-pneu-bicicleta","8":"first","9":"outofstock","10":"shipping-taxable","11":"purchasable","12":"product-type-simple"},"_links":{"self":[{"href":"https:\/\/personalbiker.com.br\/lojapb\/wp-json\/wp\/v2\/product\/7785","targetHints":{"allow":["GET"]}}],"collection":[{"href":"https:\/\/personalbiker.com.br\/lojapb\/wp-json\/wp\/v2\/product"}],"about":[{"href":"https:\/\/personalbiker.com.br\/lojapb\/wp-json\/wp\/v2\/types\/product"}],"wp:featuredmedia":[{"embeddable":true,"href":"https:\/\/personalbiker.com.br\/lojapb\/wp-json\/wp\/v2\/media\/7786"}],"wp:attachment":[{"href":"https:\/\/personalbiker.com.br\/lojapb\/wp-json\/wp\/v2\/media?parent=7785"}],"wp:term":[{"taxonomy":"product_brand","embeddable":true,"href":"https:\/\/personalbiker.com.br\/lojapb\/wp-json\/wp\/v2\/product_brand?post=7785"},{"taxonomy":"product_cat","embeddable":true,"href":"https:\/\/personalbiker.com.br\/lojapb\/wp-json\/wp\/v2\/product_cat?post=7785"},{"taxonomy":"product_tag","embeddable":true,"href":"https:\/\/personalbiker.com.br\/lojapb\/wp-json\/wp\/v2\/product_tag?post=7785"}],"curies":[{"name":"wp","href":"https:\/\/api.w.org\/{rel}","templated":true}]}}