{"id":7775,"date":"2019-08-08T16:36:15","date_gmt":"2019-08-08T19:36:15","guid":{"rendered":"http:\/\/personalbiker.com.br\/lojapb\/?post_type=product&#038;p=7775"},"modified":"2022-08-22T16:00:11","modified_gmt":"2022-08-22T19:00:11","slug":"pneu-bicicleta-16-1-75-track-kenda-chaoyang-dsi","status":"publish","type":"product","link":"https:\/\/personalbiker.com.br\/lojapb\/produto\/pneu-bicicleta-16-1-75-track-kenda-chaoyang-dsi\/","title":{"rendered":"Pneu Bicicleta 16 1.75 TRACK KENDA  CHAOYANG DSI"},"content":{"rendered":"","protected":false},"excerpt":{"rendered":"<p>Marca: Kenda<br \/>\nMedidas: 16 x 1.75<br \/>\nCor: Preto<br \/>\nCalibragem m\u00e1xima: 40 PSI.<\/p>\n<p>&#8211; Envio r\u00e1pido: em at\u00e9 24h \u00fateis seguinte \u00e0 aprova\u00e7\u00e3o de pagamento.<br \/>\n&#8211; Entrega realizada pelos Correios.<br \/>\n&#8211; Favor verificar disponibilidade.<br \/>\n&#8211; Em Caso De Duvida Pode Fazer As Suas Perguntas!<br \/>\n&#8211; Temos diversos outros produtos em estoque, consulte-nos!<br \/>\n&#8211; Comercio e Acess\u00f3rio de bike<\/p>\n","protected":false},"featured_media":7776,"template":"","meta":[],"product_brand":[],"product_cat":[276],"product_tag":[],"class_list":{"0":"post-7775","1":"product","2":"type-product","3":"status-publish","4":"has-post-thumbnail","6":"product_cat-pneu-bicicleta","8":"first","9":"outofstock","10":"shipping-taxable","11":"purchasable","12":"product-type-simple"},"_links":{"self":[{"href":"https:\/\/personalbiker.com.br\/lojapb\/wp-json\/wp\/v2\/product\/7775","targetHints":{"allow":["GET"]}}],"collection":[{"href":"https:\/\/personalbiker.com.br\/lojapb\/wp-json\/wp\/v2\/product"}],"about":[{"href":"https:\/\/personalbiker.com.br\/lojapb\/wp-json\/wp\/v2\/types\/product"}],"wp:featuredmedia":[{"embeddable":true,"href":"https:\/\/personalbiker.com.br\/lojapb\/wp-json\/wp\/v2\/media\/7776"}],"wp:attachment":[{"href":"https:\/\/personalbiker.com.br\/lojapb\/wp-json\/wp\/v2\/media?parent=7775"}],"wp:term":[{"taxonomy":"product_brand","embeddable":true,"href":"https:\/\/personalbiker.com.br\/lojapb\/wp-json\/wp\/v2\/product_brand?post=7775"},{"taxonomy":"product_cat","embeddable":true,"href":"https:\/\/personalbiker.com.br\/lojapb\/wp-json\/wp\/v2\/product_cat?post=7775"},{"taxonomy":"product_tag","embeddable":true,"href":"https:\/\/personalbiker.com.br\/lojapb\/wp-json\/wp\/v2\/product_tag?post=7775"}],"curies":[{"name":"wp","href":"https:\/\/api.w.org\/{rel}","templated":true}]}}