{"id":7749,"date":"2019-08-08T13:44:16","date_gmt":"2019-08-08T16:44:16","guid":{"rendered":"http:\/\/personalbiker.com.br\/lojapb\/?post_type=product&#038;p=7749"},"modified":"2024-02-07T11:39:31","modified_gmt":"2024-02-07T14:39:31","slug":"pneu-90-90-18-pd-29-rinaldi-traseiro-titan","status":"publish","type":"product","link":"https:\/\/personalbiker.com.br\/lojapb\/produto\/pneu-90-90-18-pd-29-rinaldi-traseiro-titan\/","title":{"rendered":"Pneu 90\/90 -18 PD 29 RINALDI TRASEIRO TITAN"},"content":{"rendered":"","protected":false},"excerpt":{"rendered":"<p>Modelo PD-29, oferece uma boa ader\u00eancia e seguran\u00e7a em curvas. &#8211; Pneus desenvolvidos para aguentar o uso di\u00e1rio. &#8211; Conhecido como o melhor modelo da Rinaldi, por moto boys e motociclistas que utilizam a motocicleta diariamente, como um pneu ec\u00f4nomico. &#8211; Produto nacional, oferecendo todas as caracter\u00edsticas que um excelente pneu precisa. &#8211; Boa tra\u00e7\u00e3o, \u00f3tima estabilidade e seguran\u00e7a.\u00a0<b>Especifica\u00e7\u00f5es da estrutura do pneu:<\/b>\u00a0TT 90\/90-18 57 P TT &#8211; Tube Type (pneus que devem ser usados COM c\u00e2maras de ar). 90 &#8211; Largura de rodagem do pneu, em mil\u00edmetros. 90 &#8211; Perfil em % (Altura dividida pela Largura). 18 &#8211; Di\u00e2metro de 18 polegadas, indica o tamanho da roda. 57 &#8211; \u00cdndice de carga m\u00e1xima do pneu = 230 Kgs. P &#8211; \u00cdndice de velocidade m\u00e1xima do pneu = 150 km\/h.\u00a0<b>Aplica\u00e7\u00e3o:<\/b>\u00a0&#8211; Honda traseiro Titan 150 2004 At\u00e9 2013 &#8211; Honda traseiro Titan 125 Fan At\u00e9 2013 &#8211; Honda traseiro Cg Today Titan At\u00e9 1999 &#8211; Honda traseiro YBR 125 &#8211; Honda traseiro1 YBR Factor 125\u00a0<b>DICAS DE INSTALA\u00c7\u00c3O:<\/b>\u00a0<b>Passo 1:<\/b>\u00a0Leve sua moto em uma concession\u00e1ria ou em algum borracheiro profissional de sua confian\u00e7a, sempre garantindo uma \u00f3tima instala\u00e7\u00e3o.\u00a0<b>Passo 2:<\/b>\u00a0Verifique em que estado sua moto se encontra, verificando os esticadores da corrente, se tiver freio a disco traseiro, verifique todas as pe\u00e7as que ir\u00e3o ser removidas. Esse procedimento vai lhe garantir seguran\u00e7a e economia.\u00a0<b>Passo 3:<\/b>\u00a0Sempre exija ferramentas adequadas para a remo\u00e7\u00e3o e a instala\u00e7\u00e3o do pneu, isso vai lhe ajudar a n\u00e3o danificar a estrutura do pneu.\u00a0<b>Passo 4:<\/b>\u00a0Ap\u00f3s a instala\u00e7\u00e3o conclu\u00edda, verifique novamente todos os componentes da roda traseira. Fazendo todo esse procedimento, seu pneu ter\u00e1 uma durabilidade maior.<\/p>\n<p>IMAGENS MERAMENTE ILUSTRATIVAS<\/p>\n<p>VENDA SOMENTE DO PNEU N\u00c3O ACOMPANHA O ARO<\/p>\n","protected":false},"featured_media":7750,"template":"","meta":[],"product_brand":[],"product_cat":[67],"product_tag":[],"class_list":{"0":"post-7749","1":"product","2":"type-product","3":"status-publish","4":"has-post-thumbnail","6":"product_cat-pneu-moto","8":"first","9":"outofstock","10":"shipping-taxable","11":"purchasable","12":"product-type-simple"},"_links":{"self":[{"href":"https:\/\/personalbiker.com.br\/lojapb\/wp-json\/wp\/v2\/product\/7749","targetHints":{"allow":["GET"]}}],"collection":[{"href":"https:\/\/personalbiker.com.br\/lojapb\/wp-json\/wp\/v2\/product"}],"about":[{"href":"https:\/\/personalbiker.com.br\/lojapb\/wp-json\/wp\/v2\/types\/product"}],"wp:featuredmedia":[{"embeddable":true,"href":"https:\/\/personalbiker.com.br\/lojapb\/wp-json\/wp\/v2\/media\/7750"}],"wp:attachment":[{"href":"https:\/\/personalbiker.com.br\/lojapb\/wp-json\/wp\/v2\/media?parent=7749"}],"wp:term":[{"taxonomy":"product_brand","embeddable":true,"href":"https:\/\/personalbiker.com.br\/lojapb\/wp-json\/wp\/v2\/product_brand?post=7749"},{"taxonomy":"product_cat","embeddable":true,"href":"https:\/\/personalbiker.com.br\/lojapb\/wp-json\/wp\/v2\/product_cat?post=7749"},{"taxonomy":"product_tag","embeddable":true,"href":"https:\/\/personalbiker.com.br\/lojapb\/wp-json\/wp\/v2\/product_tag?post=7749"}],"curies":[{"name":"wp","href":"https:\/\/api.w.org\/{rel}","templated":true}]}}