{"id":7744,"date":"2019-08-08T13:29:23","date_gmt":"2019-08-08T16:29:23","guid":{"rendered":"http:\/\/personalbiker.com.br\/lojapb\/?post_type=product&#038;p=7744"},"modified":"2024-08-09T09:21:29","modified_gmt":"2024-08-09T12:21:29","slug":"pneu-90-90-18-bs-32-rinaldi-traseiro-titan","status":"publish","type":"product","link":"https:\/\/personalbiker.com.br\/lojapb\/produto\/pneu-90-90-18-bs-32-rinaldi-traseiro-titan\/","title":{"rendered":"Pneu 90\/90 -18 BS 32 RINALDI TRASEIRO TITAN"},"content":{"rendered":"","protected":false},"excerpt":{"rendered":"<p>Imagem meramente ilustrativa.<br \/>\nAplica\u00e7\u00e3o<br \/>\nHONDA: CG, TITAN<br \/>\nYAMAHA: YBR<br \/>\n* Alguns veiculos podem sair de f\u00e1brica com mais de uma medida de pneu. Por favor, verifique sempre no ve\u00edculo qual \u00e9 a medida exata.<\/p>\n<p>VENDA SOMENTE DO PNEU N\u00c3O ACOMPANHA O ARO<\/p>\n<p>IMAGENS MERAMENTE ILUSTRATIVAS<\/p>\n","protected":false},"featured_media":7745,"template":"","meta":[],"product_brand":[],"product_cat":[67],"product_tag":[],"class_list":{"0":"post-7744","1":"product","2":"type-product","3":"status-publish","4":"has-post-thumbnail","6":"product_cat-pneu-moto","8":"first","9":"outofstock","10":"shipping-taxable","11":"purchasable","12":"product-type-simple"},"_links":{"self":[{"href":"https:\/\/personalbiker.com.br\/lojapb\/wp-json\/wp\/v2\/product\/7744","targetHints":{"allow":["GET"]}}],"collection":[{"href":"https:\/\/personalbiker.com.br\/lojapb\/wp-json\/wp\/v2\/product"}],"about":[{"href":"https:\/\/personalbiker.com.br\/lojapb\/wp-json\/wp\/v2\/types\/product"}],"wp:featuredmedia":[{"embeddable":true,"href":"https:\/\/personalbiker.com.br\/lojapb\/wp-json\/wp\/v2\/media\/7745"}],"wp:attachment":[{"href":"https:\/\/personalbiker.com.br\/lojapb\/wp-json\/wp\/v2\/media?parent=7744"}],"wp:term":[{"taxonomy":"product_brand","embeddable":true,"href":"https:\/\/personalbiker.com.br\/lojapb\/wp-json\/wp\/v2\/product_brand?post=7744"},{"taxonomy":"product_cat","embeddable":true,"href":"https:\/\/personalbiker.com.br\/lojapb\/wp-json\/wp\/v2\/product_cat?post=7744"},{"taxonomy":"product_tag","embeddable":true,"href":"https:\/\/personalbiker.com.br\/lojapb\/wp-json\/wp\/v2\/product_tag?post=7744"}],"curies":[{"name":"wp","href":"https:\/\/api.w.org\/{rel}","templated":true}]}}