{"id":7738,"date":"2019-08-08T13:13:53","date_gmt":"2019-08-08T16:13:53","guid":{"rendered":"http:\/\/personalbiker.com.br\/lojapb\/?post_type=product&#038;p=7738"},"modified":"2021-01-14T11:09:59","modified_gmt":"2021-01-14T14:09:59","slug":"pneu-90-90-12-sl-26-tl-44j-pireli","status":"publish","type":"product","link":"https:\/\/personalbiker.com.br\/lojapb\/produto\/pneu-90-90-12-sl-26-tl-44j-pireli\/","title":{"rendered":"Pneu 90\/90-12 SL 26 TL 44J PIRELI"},"content":{"rendered":"","protected":false},"excerpt":{"rendered":"<p>Seguro e confi\u00e1vel em todas as condi\u00e7\u00f5es urbanas para a nova gera\u00e7\u00e3o de scooters. Controle m\u00e1ximo em todas as condi\u00e7\u00f5es clim\u00e1ticas. Banda de rodagem com incavos profundos que garantem excelente desempenho no molhado, uma dire\u00e7\u00e3o confort\u00e1vel e alto rendimento quilom\u00e9trico. Uso em qualquer condi\u00e7\u00e3o clim\u00e1tica.<\/p>\n<p>HONDA<br \/>\n&#8211; LEAD<\/p>\n<p>SUZUKI<br \/>\n&#8211; AN<br \/>\n&#8211; BURGMAN<\/p>\n<p>IMAGENS MERAMENTE\u00a0 ILUSTRATIVAS<\/p>\n<p>SEM ARO E RODA<\/p>\n","protected":false},"featured_media":7740,"template":"","meta":[],"product_brand":[],"product_cat":[67],"product_tag":[],"class_list":{"0":"post-7738","1":"product","2":"type-product","3":"status-publish","4":"has-post-thumbnail","6":"product_cat-pneu-moto","8":"first","9":"outofstock","10":"shipping-taxable","11":"purchasable","12":"product-type-simple"},"_links":{"self":[{"href":"https:\/\/personalbiker.com.br\/lojapb\/wp-json\/wp\/v2\/product\/7738","targetHints":{"allow":["GET"]}}],"collection":[{"href":"https:\/\/personalbiker.com.br\/lojapb\/wp-json\/wp\/v2\/product"}],"about":[{"href":"https:\/\/personalbiker.com.br\/lojapb\/wp-json\/wp\/v2\/types\/product"}],"wp:featuredmedia":[{"embeddable":true,"href":"https:\/\/personalbiker.com.br\/lojapb\/wp-json\/wp\/v2\/media\/7740"}],"wp:attachment":[{"href":"https:\/\/personalbiker.com.br\/lojapb\/wp-json\/wp\/v2\/media?parent=7738"}],"wp:term":[{"taxonomy":"product_brand","embeddable":true,"href":"https:\/\/personalbiker.com.br\/lojapb\/wp-json\/wp\/v2\/product_brand?post=7738"},{"taxonomy":"product_cat","embeddable":true,"href":"https:\/\/personalbiker.com.br\/lojapb\/wp-json\/wp\/v2\/product_cat?post=7738"},{"taxonomy":"product_tag","embeddable":true,"href":"https:\/\/personalbiker.com.br\/lojapb\/wp-json\/wp\/v2\/product_tag?post=7738"}],"curies":[{"name":"wp","href":"https:\/\/api.w.org\/{rel}","templated":true}]}}